{"id":404,"date":"2024-03-08T10:17:41","date_gmt":"2024-03-08T10:17:41","guid":{"rendered":"https:\/\/knobgear.com\/?page_id=404"},"modified":"2024-12-06T14:09:08","modified_gmt":"2024-12-06T14:09:08","slug":"knob-birotary-engine-concept","status":"publish","type":"page","link":"https:\/\/knobgear.com\/cs\/birotary-engine\/knob-birotary-engine-concept\/","title":{"rendered":"Koncepce Birota\u010dn\u00edho motoru"},"content":{"rendered":"<figure class=\"wp-block-image aligncenter size-full\"><img decoding=\"async\" src=\"https:\/\/knobgear.com\/wp-content\/uploads\/2024\/09\/Birotary-engine-cut-view-740x784-1.webp\" alt=\"\"\/><\/figure>\n\n\n\n<h2 class=\"wp-block-heading\">Detailn\u00ed popis<\/h2>\n\n\n<div  style=\"display: block; margin: 0px auto;\"  id=\"_ytid_20734\"  width=\"800\" height=\"450\"  data-origwidth=\"800\" data-origheight=\"450\"  data-relstop=\"1\" data-facadesrc=\"https:\/\/www.youtube.com\/embed\/oj_Pypiwlss?enablejsapi=1&#038;autoplay=0&#038;cc_load_policy=0&#038;cc_lang_pref=&#038;iv_load_policy=1&#038;loop=0&#038;rel=0&#038;fs=1&#038;playsinline=0&#038;autohide=2&#038;theme=dark&#038;color=red&#038;controls=1&#038;\" class=\"__youtube_prefs__ epyt-facade no-lazyload\" data-epautoplay=\"1\" ><img decoding=\"async\" data-spai-excluded=\"true\" class=\"epyt-facade-poster skip-lazy\" loading=\"lazy\"  alt=\"YouTube player\"  src=\"https:\/\/i.ytimg.com\/vi\/oj_Pypiwlss\/hqdefault.jpg\"  \/><button class=\"epyt-facade-play\" aria-label=\"Play\"><svg data-no-lazy=\"1\" height=\"100%\" version=\"1.1\" viewbox=\"0 0 68 48\" width=\"100%\"><path class=\"ytp-large-play-button-bg\" d=\"M66.52,7.74c-0.78-2.93-2.49-5.41-5.42-6.19C55.79,.13,34,0,34,0S12.21,.13,6.9,1.55 C3.97,2.33,2.27,4.81,1.48,7.74C0.06,13.05,0,24,0,24s0.06,10.95,1.48,16.26c0.78,2.93,2.49,5.41,5.42,6.19 C12.21,47.87,34,48,34,48s21.79-0.13,27.1-1.55c2.93-0.78,4.64-3.26,5.42-6.19C67.94,34.95,68,24,68,24S67.94,13.05,66.52,7.74z\" fill=\"#f00\"><\/path><path d=\"M 45,24 27,14 27,34\" fill=\"#fff\"><\/path><\/svg><\/button><\/div>\n\n\n<p>Koncept Birota\u010dn\u00edho motoru je t\u0159\u00edv\u00e1lcov\u00fd z\u00e1\u017eehov\u00fd p\u00edstov\u00fd motor. T\u0159i v\u00e1lce motoru jsou uspo\u0159\u00e1d\u00e1ny do \u201ehv\u011bzdy\u201c pod \u00fahlem 120\u00b0 a pohybuj\u00ed se v rotuj\u00edc\u00edm v\u00e1lcov\u00e9m bloku. V\u00e1lcov\u00fd blok se ot\u00e1\u010d\u00ed ve stacion\u00e1rn\u00edm sk\u0159\u00edni motoru, ve kter\u00e9 jsou um\u00edst\u011bny sac\u00ed a v\u00fdfukov\u00e9 kan\u00e1ly a zapalovac\u00ed sv\u00ed\u010dky. Tato sk\u0159\u00ed\u0148 je z\u00e1rove\u0148 tak\u00e9 hlava v\u00e1lce a obsahuje dv\u011b spalovac\u00ed m\u00edsta. Ka\u017ed\u00e9 spalovac\u00ed m\u00edsto je vybaven\u00e9 vlastn\u00edm sac\u00edm a v\u00fdfukov\u00fdm kan\u00e1lem a sadou zapalovac\u00edch sv\u00ed\u010dek. Rotuj\u00edc\u00ed v\u00e1lcov\u00fd blok z\u00e1rove\u0148 pln\u00ed funkci \u0161oup\u00e1tkov\u00e9ho rozvodov\u00e9ho mechanismu a zaji\u0161\u0165uje v\u00fdm\u011bnu n\u00e1pln\u011b ve v\u00e1lc\u00edch. Blok v\u00e1lc\u016f se ot\u00e1\u010d\u00ed opa\u010dn\u00fdm sm\u011brem ne\u017e klikov\u00e1 h\u0159\u00eddel. Klikov\u00e1 h\u0159\u00eddel a blok v\u00e1lc\u016f jsou propojeny pomoc\u00ed planetov\u00e9ho p\u0159evodov\u00e9ho soukol\u00ed s p\u0159evodov\u00fdm pom\u011brem 1:3 (tzn. klikov\u00fd h\u0159\u00eddel se ot\u00e1\u010d\u00ed t\u0159ikr\u00e1t b\u011bhem jedn\u00e9 ot\u00e1\u010dky bloku v\u00e1lc\u016f). To znamen\u00e1, \u017ee nap\u0159\u00edklad p\u0159i 8000 ot\u00e1\u010dk\u00e1ch motoru za minutu se blok v\u00e1lc\u016f ot\u00e1\u010d\u00ed rychlost\u00ed 2000 ot\u00e1\u010dek za minutu jedn\u00edm sm\u011brem a klikov\u00fd h\u0159\u00eddel se ot\u00e1\u010d\u00ed rychlost\u00ed 6000 ot\u00e1\u010dek za minutu opa\u010dn\u00fdm sm\u011brem. Motor dokon\u010d\u00ed \u010dty\u0159taktn\u00ed pracovn\u00ed cyklus jednou za ka\u017ed\u00fdch 720\u00b0 relativn\u00edho \u00fahlu, co\u017e znamen\u00e1 180\u00b0 \u00fahlu bloku v\u00e1lc\u016f plus 540\u00b0 \u00fahlu klikov\u00e9ho h\u0159\u00eddele. Ka\u017ed\u00fd p\u00edst vykon\u00e1 \u010dty\u0159i zdvihy b\u011bhem ka\u017ed\u00fdch 180\u00b0 pohybu bloku v\u00e1lc\u016f, tj. dva pln\u00e9 pracovn\u00ed cykly na ot\u00e1\u010dku bloku. Obr\u00e1zek n\u00ed\u017ee ukazuje \u010dinnost motoru b\u011bhem jednoho \u010dty\u0159taktn\u00edho pracovn\u00edho cyklu.<\/p>\n\n\n\n<figure class=\"wp-block-image aligncenter size-full\"><img decoding=\"async\" src=\"https:\/\/knobgear.com\/wp-content\/uploads\/2024\/09\/Principle-of-function-of-the-KNOB-Birotary-engine-789x741-1.webp\" alt=\"\"\/><\/figure>\n\n\n\n<h2 class=\"wp-block-heading\">Patentovan\u00e9 ut\u011bsn\u011bn\u00ed spalovac\u00edho prostoru<\/h2>\n\n\n\n<p>T\u011bsn\u011bn\u00ed spalovac\u00edho prostoru je kritick\u00fdm prvkem v\u0161ech rota\u010dn\u00edch motor\u016f. Na\u0161e \u0159e\u0161en\u00ed ut\u011bsn\u011bn\u00ed spalovac\u00edho prostoru p\u0159edstavuje nejv\u00fdznamn\u011bj\u0161\u00ed p\u0159\u00edsp\u011bvek a inovaci konceptu birota\u010dn\u00edho motoru. Na\u0161e inovativn\u00ed \u0159e\u0161en\u00ed bylo patentov\u00e1no jako samostatn\u00fd vyn\u00e1lez. V USA byl ud\u011blen tak\u00e9 kombinovan\u00fd patent, kter\u00fd zahrnuje v\u00e1lec, motor a rozlo\u017een\u00ed sou\u010d\u00e1st\u00ed.<\/p>\n\n\n\n<h3 class=\"wp-block-heading\">Sestava t\u011bsn\u011bn\u00ed<\/h3>\n\n\n\n<figure class=\"wp-block-image aligncenter size-full\"><img decoding=\"async\" src=\"https:\/\/knobgear.com\/wp-content\/uploads\/2024\/09\/Seal-assembly-of-engine.webp\" alt=\"\"\/><\/figure>\n\n\n\n<p>Sestava t\u011bsn\u011bn\u00ed se skl\u00e1d\u00e1 z bo\u010dn\u00edch t\u011bsn\u011bn\u00ed,\nz p\u0159\u00ed\u010dn\u00fdch t\u011bsn\u00edc\u00edch li\u0161t, spojek a p\u0159\u00edtla\u010dn\u00fdch pru\u017ein. Bo\u010dn\u00ed t\u011bsn\u011bn\u00ed je rozd\u011blen\u00e9 na kruhov\u00e9 segmenty, kter\u00e9 se nach\u00e1zej\u00ed v\u017edy mezi sousedn\u00edmi p\u0159\u00ed\u010dn\u00fdmi t\u011bsn\u00edc\u00edmi li\u0161tami. P\u0159\u00ed\u010dn\u00e9 t\u011bsn\u00edc\u00ed li\u0161ty proch\u00e1zej\u00ed nap\u0159\u00ed\u010d bo\u010dn\u00edmi dr\u00e1\u017ekami, p\u0159esahuj\u00ed v\u00fdrazn\u011b p\u0159es v\u00fdvrt v\u00e1lce. Toto \u0159e\u0161en\u00ed br\u00e1n\u00ed nadm\u011brn\u00e9mu pr\u016fhybu li\u0161ty sm\u011brem do v\u00e1lce. Ve spoj\u00edch bo\u010dn\u00edch a p\u0159\u00ed\u010dn\u00fdch t\u011bsnic\u00edch prvk\u016f jsou um\u00edst\u011bny spojky, kter\u00e9 jsou nezbytn\u00e9 k zabezpe\u010den\u00ed t\u011bsnosti. Ka\u017ed\u00fd t\u011bsn\u00edc\u00ed prvek v\u010detn\u011b spojek je opat\u0159en vlastn\u00ed p\u0159\u00edtla\u010dnou pru\u017einou. Spojky tak\u00e9 p\u0159itla\u010duj\u00ed t\u011bsn\u00edc\u00ed prvky, na kter\u00e9 dosedaj\u00ed.<\/p>\n\n\n\n<figure class=\"wp-block-image aligncenter size-full\"><img decoding=\"async\" src=\"https:\/\/knobgear.com\/wp-content\/uploads\/2024\/09\/detail-of-sealings1000x938.webp\" alt=\"\"\/><\/figure>\n\n\n\n<p>Um\u00edst\u011bn\u00ed t\u011bsn\u00edc\u00edch prvk\u016f v pevn\u00e9 sk\u0159\u00edni zaji\u0161\u0165uje p\u0159\u00edtla\u010dnou s\u00edlu t\u011bsnic\u00edch prvk\u016f nez\u00e1vislou na v\u00fd\u0161i ot\u00e1\u010dek motoru. To umo\u017e\u0148uje dos\u00e1hnout vysok\u00fdch ot\u00e1\u010dek a t\u00edm i vysok\u00fdch m\u011brn\u00fdch parametr\u016f. V\u0161echny p\u0159\u00ed\u010dn\u00e9 t\u011bsn\u00edc\u00ed li\u0161ty i bo\u010dn\u00ed t\u011bsn\u00edc\u00ed segmenty maj\u00ed plo\u0161n\u00fd nebo tangenci\u00e1ln\u00ed styk s vn\u011bj\u0161\u00edm rota\u010dn\u00edm povrchem bloku v\u00e1lc\u016f. To sni\u017euje nam\u00e1h\u00e1n\u00ed t\u011bsnic\u00edch prvk\u016f i vn\u011bj\u0161\u00edho povrchu bloku. Plo\u0161n\u00fd styk t\u011bsn\u011bn\u00ed t\u00e9\u017e sni\u017euje n\u00e1roky na maz\u00e1n\u00ed t\u011bsn\u011bn\u00ed a zvy\u0161uje jeho \u00fa\u010dinnost i \u017eivotnost. Ut\u011bsn\u011bn\u00ed prostoru s vysok\u00fdm tlakem, tj. ve v\u00e1lci mezi rota\u010dn\u00edm blokem a pevnou sk\u0159\u00edn\u00ed, je jak ve sm\u011bru axi\u00e1ln\u00edm, tak i tangenci\u00e1ln\u00edm v\u00edcen\u00e1sobn\u00e9. Zaji\u0161\u0165uje to vysokou spolehlivost tohoto \u0159e\u0161en\u00ed. Bo\u010dn\u00ed t\u011bsnic\u00ed segmenty jsou um\u00edst\u011bny t\u011bsn\u011b k otvor\u016fm v\u00e1lc\u016f a t\u00edm minimalizuj\u00ed prostor \u0161t\u011brbiny mezi rota\u010dn\u00edm blokem a pevnou sk\u0159\u00edn\u00ed.<\/p>","protected":false},"excerpt":{"rendered":"<p>Detailed Description The birotary engine conception is a three-cylinder spark ignition piston engine. The engine\u2019s three cylinders are arranged in a \u201cstar\u201d at 120\u00b0 angles and move within a rotating cylinder block. Its cylinder block rotates in a stationary case, in which the intake, exhaust ports and spark plugs are placed. The case is also [&hellip;]<\/p>","protected":false},"author":2,"featured_media":1875,"parent":59,"menu_order":0,"comment_status":"closed","ping_status":"closed","template":"","meta":{"site-sidebar-layout":"default","site-content-layout":"","ast-site-content-layout":"","site-content-style":"default","site-sidebar-style":"default","ast-global-header-display":"","ast-banner-title-visibility":"","ast-main-header-display":"","ast-hfb-above-header-display":"","ast-hfb-below-header-display":"","ast-hfb-mobile-header-display":"","site-post-title":"","ast-breadcrumbs-content":"","ast-featured-img":"disabled","footer-sml-layout":"","theme-transparent-header-meta":"","adv-header-id-meta":"","stick-header-meta":"","header-above-stick-meta":"","header-main-stick-meta":"","header-below-stick-meta":"","astra-migrate-meta-layouts":"default","ast-page-background-enabled":"default","ast-page-background-meta":{"desktop":{"background-color":"var(--ast-global-color-4)","background-image":"","background-repeat":"repeat","background-position":"center center","background-size":"auto","background-attachment":"scroll","background-type":"","background-media":"","overlay-type":"","overlay-color":"","overlay-opacity":"","overlay-gradient":""},"tablet":{"background-color":"","background-image":"","background-repeat":"repeat","background-position":"center center","background-size":"auto","background-attachment":"scroll","background-type":"","background-media":"","overlay-type":"","overlay-color":"","overlay-opacity":"","overlay-gradient":""},"mobile":{"background-color":"","background-image":"","background-repeat":"repeat","background-position":"center center","background-size":"auto","background-attachment":"scroll","background-type":"","background-media":"","overlay-type":"","overlay-color":"","overlay-opacity":"","overlay-gradient":""}},"ast-content-background-meta":{"desktop":{"background-color":"var(--ast-global-color-5)","background-image":"","background-repeat":"repeat","background-position":"center center","background-size":"auto","background-attachment":"scroll","background-type":"","background-media":"","overlay-type":"","overlay-color":"","overlay-opacity":"","overlay-gradient":""},"tablet":{"background-color":"var(--ast-global-color-5)","background-image":"","background-repeat":"repeat","background-position":"center center","background-size":"auto","background-attachment":"scroll","background-type":"","background-media":"","overlay-type":"","overlay-color":"","overlay-opacity":"","overlay-gradient":""},"mobile":{"background-color":"var(--ast-global-color-5)","background-image":"","background-repeat":"repeat","background-position":"center center","background-size":"auto","background-attachment":"scroll","background-type":"","background-media":"","overlay-type":"","overlay-color":"","overlay-opacity":"","overlay-gradient":""}},"footnotes":""},"class_list":["post-404","page","type-page","status-publish","has-post-thumbnail","hentry"],"rankMath":{"parentDomain":"knobgear.com","noFollowDomains":[],"noFollowExcludeDomains":[],"noFollowExternalLinks":false,"featuredImageNotice":"Doporu\u010den\u00fd obr\u00e1zek by m\u011bl b\u00fdt alespo\u0148 200 x 200 pixel\u016f, aby jej bylo mo\u017en\u00e9 zachytit na Facebooku a na jin\u00fdch soci\u00e1ln\u00edch s\u00edt\u00edch.","pluginReviewed":false,"postSettings":{"linkSuggestions":true,"useFocusKeyword":false},"frontEndScore":false,"postName":"knob-birotary-engine-concept","permalinkFormat":"https:\/\/knobgear.com\/cs\/%pagename%\/","showLockModifiedDate":true,"assessor":{"focusKeywordLink":"https:\/\/knobgear.com\/wp-admin\/edit.php?focus_keyword=%focus_keyword%&post_type=%post_type%","hasTOCPlugin":false,"primaryTaxonomy":false,"serpData":{"title":"","description":"We started its development with a goal to create a reliable and powerful rotary piston engine. To do so, our engine concept brings significant changes to Sklenar\u2019s concept.","focusKeywords":"birotary engine","pillarContent":false,"canonicalUrl":"","breadcrumbTitle":"","advancedRobots":{"max-snippet":"-1","max-video-preview":"-1","max-image-preview":"large"},"facebookTitle":"","facebookDescription":"","facebookImage":"","facebookImageID":"","facebookHasOverlay":false,"facebookImageOverlay":"","facebookAuthor":"","twitterCardType":"","twitterUseFacebook":true,"twitterTitle":"","twitterDescription":"","twitterImage":"","twitterImageID":"","twitterHasOverlay":false,"twitterImageOverlay":"","twitterPlayerUrl":"","twitterPlayerSize":"","twitterPlayerStream":"","twitterPlayerStreamCtype":"","twitterAppDescription":"","twitterAppIphoneName":"","twitterAppIphoneID":"","twitterAppIphoneUrl":"","twitterAppIpadName":"","twitterAppIpadID":"","twitterAppIpadUrl":"","twitterAppGoogleplayName":"","twitterAppGoogleplayID":"","twitterAppGoogleplayUrl":"","twitterAppCountry":"","robots":{"index":true},"twitterAuthor":"u\u017eivatelsk\u00e9 jm\u00e9no","primaryTerm":0,"authorName":"Vaclav Pieter","titleTemplate":"%title% %page% %sep% %sitename%","descriptionTemplate":"%excerpt%","showScoreFrontend":true,"lockModifiedDate":false},"powerWords":[],"diacritics":{"A":"[\\u0041\\u24B6\\uFF21\\u00C0\\u00C1\\u00C2\\u1EA6\\u1EA4\\u1EAA\\u1EA8\\u00C3\\u0100\\u0102\\u1EB0\\u1EAE\\u1EB4\\u1EB2\\u0226\\u01E0\\u00C4\\u01DE\\u1EA2\\u00C5\\u01FA\\u01CD\\u0200\\u0202\\u1EA0\\u1EAC\\u1EB6\\u1E00\\u0104\\u023A\\u2C6F]","AA":"[\\uA732]","AE":"[\\u00C6\\u01FC\\u01E2]","AO":"[\\uA734]","AU":"[\\uA736]","AV":"[\\uA738\\uA73A]","AY":"[\\uA73C]","B":"[\\u0042\\u24B7\\uFF22\\u1E02\\u1E04\\u1E06\\u0243\\u0182\\u0181]","C":"[\\u0043\\u24B8\\uFF23\\u0106\\u0108\\u010A\\u010C\\u00C7\\u1E08\\u0187\\u023B\\uA73E]","D":"[\\u0044\\u24B9\\uFF24\\u1E0A\\u010E\\u1E0C\\u1E10\\u1E12\\u1E0E\\u0110\\u018B\\u018A\\u0189\\uA779]","DZ":"[\\u01F1\\u01C4]","Dz":"[\\u01F2\\u01C5]","E":"[\\u0045\\u24BA\\uFF25\\u00C8\\u00C9\\u00CA\\u1EC0\\u1EBE\\u1EC4\\u1EC2\\u1EBC\\u0112\\u1E14\\u1E16\\u0114\\u0116\\u00CB\\u1EBA\\u011A\\u0204\\u0206\\u1EB8\\u1EC6\\u0228\\u1E1C\\u0118\\u1E18\\u1E1A\\u0190\\u018E]","F":"[\\u0046\\u24BB\\uFF26\\u1E1E\\u0191\\uA77B]","G":"[\\u0047\\u24BC\\uFF27\\u01F4\\u011C\\u1E20\\u011E\\u0120\\u01E6\\u0122\\u01E4\\u0193\\uA7A0\\uA77D\\uA77E]","H":"[\\u0048\\u24BD\\uFF28\\u0124\\u1E22\\u1E26\\u021E\\u1E24\\u1E28\\u1E2A\\u0126\\u2C67\\u2C75\\uA78D]","I":"[\\u0049\\u24BE\\uFF29\\u00CC\\u00CD\\u00CE\\u0128\\u012A\\u012C\\u0130\\u00CF\\u1E2E\\u1EC8\\u01CF\\u0208\\u020A\\u1ECA\\u012E\\u1E2C\\u0197]","J":"[\\u004A\\u24BF\\uFF2A\\u0134\\u0248]","K":"[\\u004B\\u24C0\\uFF2B\\u1E30\\u01E8\\u1E32\\u0136\\u1E34\\u0198\\u2C69\\uA740\\uA742\\uA744\\uA7A2]","L":"[\\u004C\\u24C1\\uFF2C\\u013F\\u0139\\u013D\\u1E36\\u1E38\\u013B\\u1E3C\\u1E3A\\u0141\\u023D\\u2C62\\u2C60\\uA748\\uA746\\uA780]","LJ":"[\\u01C7]","Lj":"[\\u01C8]","M":"[\\u004D\\u24C2\\uFF2D\\u1E3E\\u1E40\\u1E42\\u2C6E\\u019C]","N":"[\\u004E\\u24C3\\uFF2E\\u01F8\\u0143\\u00D1\\u1E44\\u0147\\u1E46\\u0145\\u1E4A\\u1E48\\u0220\\u019D\\uA790\\uA7A4]","NJ":"[\\u01CA]","Nj":"[\\u01CB]","O":"[\\u004F\\u24C4\\uFF2F\\u00D2\\u00D3\\u00D4\\u1ED2\\u1ED0\\u1ED6\\u1ED4\\u00D5\\u1E4C\\u022C\\u1E4E\\u014C\\u1E50\\u1E52\\u014E\\u022E\\u0230\\u00D6\\u022A\\u1ECE\\u0150\\u01D1\\u020C\\u020E\\u01A0\\u1EDC\\u1EDA\\u1EE0\\u1EDE\\u1EE2\\u1ECC\\u1ED8\\u01EA\\u01EC\\u00D8\\u01FE\\u0186\\u019F\\uA74A\\uA74C]","OI":"[\\u01A2]","OO":"[\\uA74E]","OU":"[\\u0222]","P":"[\\u0050\\u24C5\\uFF30\\u1E54\\u1E56\\u01A4\\u2C63\\uA750\\uA752\\uA754]","Q":"[\\u0051\\u24C6\\uFF31\\uA756\\uA758\\u024A]","R":"[\\u0052\\u24C7\\uFF32\\u0154\\u1E58\\u0158\\u0210\\u0212\\u1E5A\\u1E5C\\u0156\\u1E5E\\u024C\\u2C64\\uA75A\\uA7A6\\uA782]","S":"[\\u0053\\u24C8\\uFF33\\u1E9E\\u015A\\u1E64\\u015C\\u1E60\\u0160\\u1E66\\u1E62\\u1E68\\u0218\\u015E\\u2C7E\\uA7A8\\uA784]","T":"[\\u0054\\u24C9\\uFF34\\u1E6A\\u0164\\u1E6C\\u021A\\u0162\\u1E70\\u1E6E\\u0166\\u01AC\\u01AE\\u023E\\uA786]","TZ":"[\\uA728]","U":"[\\u0055\\u24CA\\uFF35\\u00D9\\u00DA\\u00DB\\u0168\\u1E78\\u016A\\u1E7A\\u016C\\u00DC\\u01DB\\u01D7\\u01D5\\u01D9\\u1EE6\\u016E\\u0170\\u01D3\\u0214\\u0216\\u01AF\\u1EEA\\u1EE8\\u1EEE\\u1EEC\\u1EF0\\u1EE4\\u1E72\\u0172\\u1E76\\u1E74\\u0244]","V":"[\\u0056\\u24CB\\uFF36\\u1E7C\\u1E7E\\u01B2\\uA75E\\u0245]","VY":"[\\uA760]","W":"[\\u0057\\u24CC\\uFF37\\u1E80\\u1E82\\u0174\\u1E86\\u1E84\\u1E88\\u2C72]","X":"[\\u0058\\u24CD\\uFF38\\u1E8A\\u1E8C]","Y":"[\\u0059\\u24CE\\uFF39\\u1EF2\\u00DD\\u0176\\u1EF8\\u0232\\u1E8E\\u0178\\u1EF6\\u1EF4\\u01B3\\u024E\\u1EFE]","Z":"[\\u005A\\u24CF\\uFF3A\\u0179\\u1E90\\u017B\\u017D\\u1E92\\u1E94\\u01B5\\u0224\\u2C7F\\u2C6B\\uA762]","a":"[\\u0061\\u24D0\\uFF41\\u1E9A\\u00E0\\u00E1\\u00E2\\u1EA7\\u1EA5\\u1EAB\\u1EA9\\u00E3\\u0101\\u0103\\u1EB1\\u1EAF\\u1EB5\\u1EB3\\u0227\\u01E1\\u00E4\\u01DF\\u1EA3\\u00E5\\u01FB\\u01CE\\u0201\\u0203\\u1EA1\\u1EAD\\u1EB7\\u1E01\\u0105\\u2C65\\u0250]","aa":"[\\uA733]","ae":"[\\u00E6\\u01FD\\u01E3]","ao":"[\\uA735]","au":"[\\uA737]","av":"[\\uA739\\uA73B]","ay":"[\\uA73D]","b":"[\\u0062\\u24D1\\uFF42\\u1E03\\u1E05\\u1E07\\u0180\\u0183\\u0253]","c":"[\\u0063\\u24D2\\uFF43\\u0107\\u0109\\u010B\\u010D\\u00E7\\u1E09\\u0188\\u023C\\uA73F\\u2184]","d":"[\\u0064\\u24D3\\uFF44\\u1E0B\\u010F\\u1E0D\\u1E11\\u1E13\\u1E0F\\u0111\\u018C\\u0256\\u0257\\uA77A]","dz":"[\\u01F3\\u01C6]","e":"[\\u0065\\u24D4\\uFF45\\u00E8\\u00E9\\u00EA\\u1EC1\\u1EBF\\u1EC5\\u1EC3\\u1EBD\\u0113\\u1E15\\u1E17\\u0115\\u0117\\u00EB\\u1EBB\\u011B\\u0205\\u0207\\u1EB9\\u1EC7\\u0229\\u1E1D\\u0119\\u1E19\\u1E1B\\u0247\\u025B\\u01DD]","f":"[\\u0066\\u24D5\\uFF46\\u1E1F\\u0192\\uA77C]","g":"[\\u0067\\u24D6\\uFF47\\u01F5\\u011D\\u1E21\\u011F\\u0121\\u01E7\\u0123\\u01E5\\u0260\\uA7A1\\u1D79\\uA77F]","h":"[\\u0068\\u24D7\\uFF48\\u0125\\u1E23\\u1E27\\u021F\\u1E25\\u1E29\\u1E2B\\u1E96\\u0127\\u2C68\\u2C76\\u0265]","hv":"[\\u0195]","i":"[\\u0069\\u24D8\\uFF49\\u00EC\\u00ED\\u00EE\\u0129\\u012B\\u012D\\u00EF\\u1E2F\\u1EC9\\u01D0\\u0209\\u020B\\u1ECB\\u012F\\u1E2D\\u0268\\u0131]","j":"[\\u006A\\u24D9\\uFF4A\\u0135\\u01F0\\u0249]","k":"[\\u006B\\u24DA\\uFF4B\\u1E31\\u01E9\\u1E33\\u0137\\u1E35\\u0199\\u2C6A\\uA741\\uA743\\uA745\\uA7A3]","l":"[\\u006C\\u24DB\\uFF4C\\u0140\\u013A\\u013E\\u1E37\\u1E39\\u013C\\u1E3D\\u1E3B\\u017F\\u0142\\u019A\\u026B\\u2C61\\uA749\\uA781\\uA747]","lj":"[\\u01C9]","m":"[\\u006D\\u24DC\\uFF4D\\u1E3F\\u1E41\\u1E43\\u0271\\u026F]","n":"[\\u006E\\u24DD\\uFF4E\\u01F9\\u0144\\u00F1\\u1E45\\u0148\\u1E47\\u0146\\u1E4B\\u1E49\\u019E\\u0272\\u0149\\uA791\\uA7A5]","nj":"[\\u01CC]","o":"[\\u006F\\u24DE\\uFF4F\\u00F2\\u00F3\\u00F4\\u1ED3\\u1ED1\\u1ED7\\u1ED5\\u00F5\\u1E4D\\u022D\\u1E4F\\u014D\\u1E51\\u1E53\\u014F\\u022F\\u0231\\u00F6\\u022B\\u1ECF\\u0151\\u01D2\\u020D\\u020F\\u01A1\\u1EDD\\u1EDB\\u1EE1\\u1EDF\\u1EE3\\u1ECD\\u1ED9\\u01EB\\u01ED\\u00F8\\u01FF\\u0254\\uA74B\\uA74D\\u0275]","oi":"[\\u01A3]","ou":"[\\u0223]","oo":"[\\uA74F]","p":"[\\u0070\\u24DF\\uFF50\\u1E55\\u1E57\\u01A5\\u1D7D\\uA751\\uA753\\uA755]","q":"[\\u0071\\u24E0\\uFF51\\u024B\\uA757\\uA759]","r":"[\\u0072\\u24E1\\uFF52\\u0155\\u1E59\\u0159\\u0211\\u0213\\u1E5B\\u1E5D\\u0157\\u1E5F\\u024D\\u027D\\uA75B\\uA7A7\\uA783]","s":"[\\u0073\\u24E2\\uFF53\\u015B\\u1E65\\u015D\\u1E61\\u0161\\u1E67\\u1E63\\u1E69\\u0219\\u015F\\u023F\\uA7A9\\uA785\\u1E9B]","ss":"[\\u00DF]","t":"[\\u0074\\u24E3\\uFF54\\u1E6B\\u1E97\\u0165\\u1E6D\\u021B\\u0163\\u1E71\\u1E6F\\u0167\\u01AD\\u0288\\u2C66\\uA787]","tz":"[\\uA729]","u":"[\\u0075\\u24E4\\uFF55\\u00F9\\u00FA\\u00FB\\u0169\\u1E79\\u016B\\u1E7B\\u016D\\u00FC\\u01DC\\u01D8\\u01D6\\u01DA\\u1EE7\\u016F\\u0171\\u01D4\\u0215\\u0217\\u01B0\\u1EEB\\u1EE9\\u1EEF\\u1EED\\u1EF1\\u1EE5\\u1E73\\u0173\\u1E77\\u1E75\\u0289]","v":"[\\u0076\\u24E5\\uFF56\\u1E7D\\u1E7F\\u028B\\uA75F\\u028C]","vy":"[\\uA761]","w":"[\\u0077\\u24E6\\uFF57\\u1E81\\u1E83\\u0175\\u1E87\\u1E85\\u1E98\\u1E89\\u2C73]","x":"[\\u0078\\u24E7\\uFF58\\u1E8B\\u1E8D]","y":"[\\u0079\\u24E8\\uFF59\\u1EF3\\u00FD\\u0177\\u1EF9\\u0233\\u1E8F\\u00FF\\u1EF7\\u1E99\\u1EF5\\u01B4\\u024F\\u1EFF]","z":"[\\u007A\\u24E9\\uFF5A\\u017A\\u1E91\\u017C\\u017E\\u1E93\\u1E95\\u01B6\\u0225\\u0240\\u2C6C\\uA763]"},"researchesTests":["contentHasTOC","contentHasShortParagraphs","contentHasAssets","keywordInTitle","keywordInMetaDescription","keywordInPermalink","keywordIn10Percent","keywordInContent","keywordInSubheadings","keywordInImageAlt","keywordDensity","keywordNotUsed","lengthContent","lengthPermalink","linksHasInternal","linksHasExternals","linksNotAllExternals","titleStartWithKeyword","titleSentiment","titleHasPowerWords","titleHasNumber","hasContentAI"],"hasRedirection":true,"hasBreadcrumb":true},"homeUrl":"https:\/\/knobgear.com\/cs","objectID":404,"objectType":"post","locale":"cs","localeFull":"cs_CZ","overlayImages":{"play":{"name":"Ikona p\u0159ehr\u00e1v\u00e1n\u00ed","url":"https:\/\/knobgear.com\/wp-content\/plugins\/seo-by-rank-math\/assets\/admin\/img\/icon-play.png","path":"\/srv\/htdocs\/wp-content\/plugins\/seo-by-rank-math\/assets\/admin\/img\/icon-play.png","position":"middle_center"},"gif":{"name":"GIF ikona","url":"https:\/\/knobgear.com\/wp-content\/plugins\/seo-by-rank-math\/assets\/admin\/img\/icon-gif.png","path":"\/srv\/htdocs\/wp-content\/plugins\/seo-by-rank-math\/assets\/admin\/img\/icon-gif.png","position":"middle_center"}},"defautOgImage":"https:\/\/knobgear.com\/wp-content\/plugins\/seo-by-rank-math\/assets\/admin\/img\/social-placeholder.jpg","customPermalinks":true,"isUserRegistered":true,"autoSuggestKeywords":true,"connectSiteUrl":"https:\/\/rankmath.com\/auth?site=https%3A%2F%2Fknobgear.com%2Fcs&r=https%3A%2F%2Fknobgear.com%2Fcs%2Fwp-json%2Fwp%2Fv2%2Fpages%2F404%3Fnonce%3D88eb6c7972&pro=1","maxTags":100,"trendsIcon":"<svg viewBox=\"0 0 610 610\"><path d=\"M18.85,446,174.32,290.48l58.08,58.08L76.93,504a14.54,14.54,0,0,1-20.55,0L18.83,466.48a14.54,14.54,0,0,1,0-20.55Z\" style=\"fill:#4285f4\"\/><path d=\"M242.65,242.66,377.59,377.6l-47.75,47.75a14.54,14.54,0,0,1-20.55,0L174.37,290.43l47.75-47.75A14.52,14.52,0,0,1,242.65,242.66Z\" style=\"fill:#ea4335\"\/><polygon points=\"319.53 319.53 479.26 159.8 537.34 217.88 377.61 377.62 319.53 319.53\" style=\"fill:#fabb05\"\/><path d=\"M594.26,262.73V118.61h0a16.94,16.94,0,0,0-16.94-16.94H433.2a16.94,16.94,0,0,0-12,28.92L565.34,274.71h0a16.94,16.94,0,0,0,28.92-12Z\" style=\"fill:#34a853\"\/><rect width=\"610\" height=\"610\" style=\"fill:none\"\/><\/svg>","showScore":true,"siteFavIcon":"https:\/\/knobgear.com\/wp-content\/uploads\/2024\/03\/cropped-customcolor_icon_transparent_background-512x512-1-32x32.png","canUser":{"general":false,"advanced":false,"snippet":false,"social":false,"analysis":false,"analytics":false,"content_ai":false},"showKeywordIntent":true,"isPro":true,"is_front_page":false,"trendsUpgradeLink":"https:\/\/rankmath.com\/pricing\/?utm_source=Plugin&utm_medium=CE%20General%20Tab%20Trends&utm_campaign=WP","trendsUpgradeLabel":"Upgradovat","trendsPreviewImage":"https:\/\/knobgear.com\/wp-content\/plugins\/seo-by-rank-math\/assets\/admin\/img\/trends-preview.jpg","currentEditor":false,"homepageData":{"assessor":{"powerWords":[],"diacritics":true,"researchesTests":["contentHasTOC","contentHasShortParagraphs","contentHasAssets","keywordInTitle","keywordInMetaDescription","keywordInPermalink","keywordIn10Percent","keywordInContent","keywordInSubheadings","keywordInImageAlt","keywordDensity","keywordNotUsed","lengthContent","lengthPermalink","linksHasInternal","linksHasExternals","linksNotAllExternals","titleStartWithKeyword","titleSentiment","titleHasPowerWords","titleHasNumber","hasContentAI"],"hasBreadcrumb":true,"serpData":{"title":"%sitename% %page% %sep% %sitedesc%","description":"","titleTemplate":"%sitename% %page% %sep% %sitedesc%","descriptionTemplate":"","focusKeywords":"","breadcrumbTitle":"Home","robots":{"index":true},"advancedRobots":{"max-snippet":"-1","max-video-preview":"-1","max-image-preview":"large"},"facebookTitle":"","facebookDescription":"","facebookImage":"","facebookImageID":""}}},"searchIntents":[],"isAnalyticsConnected":true,"tocTitle":"Table of Contents","tocExcludeHeadings":[],"listStyle":"ul"},"_links":{"self":[{"href":"https:\/\/knobgear.com\/cs\/wp-json\/wp\/v2\/pages\/404","targetHints":{"allow":["GET"]}}],"collection":[{"href":"https:\/\/knobgear.com\/cs\/wp-json\/wp\/v2\/pages"}],"about":[{"href":"https:\/\/knobgear.com\/cs\/wp-json\/wp\/v2\/types\/page"}],"author":[{"embeddable":true,"href":"https:\/\/knobgear.com\/cs\/wp-json\/wp\/v2\/users\/2"}],"replies":[{"embeddable":true,"href":"https:\/\/knobgear.com\/cs\/wp-json\/wp\/v2\/comments?post=404"}],"version-history":[{"count":0,"href":"https:\/\/knobgear.com\/cs\/wp-json\/wp\/v2\/pages\/404\/revisions"}],"up":[{"embeddable":true,"href":"https:\/\/knobgear.com\/cs\/wp-json\/wp\/v2\/pages\/59"}],"wp:featuredmedia":[{"embeddable":true,"href":"https:\/\/knobgear.com\/cs\/wp-json\/wp\/v2\/media\/1875"}],"wp:attachment":[{"href":"https:\/\/knobgear.com\/cs\/wp-json\/wp\/v2\/media?parent=404"}],"curies":[{"name":"wp","href":"https:\/\/api.w.org\/{rel}","templated":true}]}}