{"id":445,"date":"2024-03-11T13:40:08","date_gmt":"2024-03-11T13:40:08","guid":{"rendered":"https:\/\/knobgear.com\/?page_id=445"},"modified":"2024-12-09T13:08:55","modified_gmt":"2024-12-09T13:08:55","slug":"difference-advantages-wankel-engine","status":"publish","type":"page","link":"https:\/\/knobgear.com\/cs\/birotary-engine\/difference-advantages-wankel-engine\/","title":{"rendered":"Birot\u00e1rn\u00ed motor rozd\u00edl a v\u00fdhody Wankelova motoru"},"content":{"rendered":"<div class=\"wp-block-group is-layout-grid wp-container-core-group-is-layout-3721f5f0 wp-block-group-is-layout-grid\">\n<div class=\"wp-block-group is-vertical is-content-justification-center is-layout-flex wp-container-core-group-is-layout-fa38c63a wp-block-group-is-layout-flex\">\n<figure class=\"wp-block-image size-large\"><img decoding=\"async\" src=\"https:\/\/knobgear.com\/wp-content\/uploads\/2024\/04\/Birotary-engine-explode-1000x563-1.webp\" alt=\"Birotary Engine\"\/><figcaption class=\"wp-element-caption\">Birota\u010dn\u00edho motoru<\/figcaption><\/figure>\n<\/div>\n\n\n\n<div class=\"wp-block-group is-vertical is-content-justification-center is-layout-flex wp-container-core-group-is-layout-fa38c63a wp-block-group-is-layout-flex\">\n<figure class=\"wp-block-image size-large\"><img decoding=\"async\" src=\"https:\/\/knobgear.com\/wp-content\/uploads\/2024\/09\/wankel-2.webp\" alt=\"Wankel Engine\"\/><figcaption class=\"wp-element-caption\">Wankel\u016fv motoru<\/figcaption><\/figure>\n<\/div>\n<\/div>\n\n\n\n<p>Koncepce Birota\u010dn\u00edho motoru \u0159e\u0161\u00ed z\u00e1sadn\u00ed nedostatky Wankelova motoru a ostatn\u00edch konstrukc\u00ed rota\u010dn\u00edho motoru. Z\u00e1sadn\u00edm rozd\u00edlem je zp\u016fsob ut\u011bsn\u011bn\u00ed spalovac\u00edho prostoru.<\/p>\n\n\n\n<figure class=\"wp-block-image aligncenter size-full\"><img decoding=\"async\" src=\"https:\/\/knobgear.com\/wp-content\/uploads\/2024\/09\/Wankel-engine.webp\" alt=\"\"\/><\/figure>\n\n\n\n<h2 class=\"wp-block-heading\">Absence setrva\u010dn\u00fdch sil p\u016fsob\u00edc\u00edch na t\u011bsn\u011bn\u00ed motoru<\/h2>\n\n\n\n<p>T\u011bsn\u011bn\u00ed rota\u010dn\u00edch motor\u016f je obvykle um\u00edst\u011bno v jejich ot\u00e1\u010dej\u00edc\u00edch se \u010d\u00e1stech a setrva\u010dn\u00e9 s\u00edly z pohybu rotoru na n\u011b p\u016fsob\u00ed. Tyto s\u00edly omezuj\u00ed maxim\u00e1ln\u00ed rychlost motoru a zp\u016fsobuj\u00ed n\u00e1razy, kter\u00e9 vedou k \u010dast\u00fdm poruch\u00e1m a \u00fanik\u016fm.<\/p>\n\n\n\n<p>Birota\u010dn\u00ed motor m\u00e1 patentovan\u00e9 t\u011bsn\u011bn\u00ed, kter\u00e9 je statick\u00e9. Setrva\u010dn\u00e9 s\u00edly rotoru netla\u010d\u00ed na t\u011bsn\u011bn\u00ed a s\u00edla p\u016fsob\u00edc\u00ed na t\u011bsn\u011bn\u00ed je proto nez\u00e1visl\u00e1 na rychlosti motoru.<\/p>\n\n\n\n<h2 class=\"wp-block-heading\">T\u011bsn\u011bn\u00ed s plo\u0161n\u00fdm stykem<\/h2>\n\n\n\n<p>T\u011bsn\u011bn\u00ed Wankelova motoru m\u00e1 line\u00e1rn\u00ed kontakt s povrchem sk\u0159\u00edn\u011b a \u00fahel mezi t\u011bsn\u011bn\u00edm a sk\u0159\u00edn\u00ed se b\u011bhem cyklu m\u011bn\u00ed. T\u011bsn\u011bn\u00ed za t\u011bchto podm\u00ednek je obt\u00ed\u017en\u00e9 a neefektivn\u00ed.<\/p>\n\n\n\n<p>Na\u0161e patentovan\u00e9 \u0159e\u0161en\u00ed t\u011bsn\u011bn\u00ed dosahuje podstatn\u011b lep\u0161\u00edch v\u00fdsledk\u016f. Bo\u010dn\u00ed t\u011bsn\u011bn\u00ed m\u00e1 plo\u0161n\u00fd kontakt s blokem v\u00e1lc\u016f. P\u0159\u00ed\u010dn\u00e9 t\u011bsn\u011bn\u00ed m\u00e1 tangenci\u00e1ln\u00ed kontakt s blokem v\u00e1lc\u016f za st\u00e1l\u00e9ho \u00fahlu kontaktu. Ob\u011b t\u011bsn\u011bn\u00ed tvo\u0159\u00ed plo\u0161n\u00e9 t\u011bsn\u011bn\u00ed plochy, kter\u00e9 jsou efektivn\u00ed a trvanliv\u00e9.<\/p>\n\n\n\n<h2 class=\"wp-block-heading\">Dv\u011b spalovac\u00ed m\u00edsta<\/h2>\n\n\n\n<p>Na rozd\u00edl od Wankelova motoru m\u00e1 birota\u010dn\u00ed motor dv\u011b spalovac\u00ed komory. Tepeln\u00e9 nam\u00e1h\u00e1n\u00ed sk\u0159\u00edn\u011b motoru je proto rozd\u011bleno na dv\u011b m\u00edsta. To sni\u017euje po\u017eadavky na chlazen\u00ed a design.<\/p>\n\n\n\n<p>Dv\u011b spalovac\u00ed komory zvy\u0161uj\u00ed pom\u011br v\u00fdkonu k hmotnosti, proto\u017ee motor prov\u00e1d\u00ed dvojn\u00e1sobn\u00fd po\u010det cykl\u016f Wankelova motoru p\u0159i jednom oto\u010den\u00ed bloku v\u00e1lc\u016f. Tato konstruk\u010dn\u00ed vlastnost tak\u00e9 sni\u017euje rychlosti t\u0159en\u00ed na t\u011bsn\u011bn\u00edch. P\u0159i srovn\u00e1n\u00ed birota\u010dn\u00edho motoru a Wankelova motoru se srovnateln\u00fdmi parametry budou maxim\u00e1ln\u00ed obvodov\u00e9 rychlosti rotoru a t\u00edm i rychlosti t\u0159en\u00ed na t\u011bsn\u00edc\u00edch prvc\u00edch birota\u010dn\u00edho motoru ni\u017e\u0161\u00ed p\u0159ibli\u017en\u011b o jednu t\u0159etinu.<\/p>\n\n\n\n<h2 class=\"wp-block-heading\">N\u00e1sobn\u00e9 t\u011bsn\u011bn\u00ed a efektivn\u00ed chlazen\u00ed<\/h2>\n\n\n\n<p>Birota\u010dn\u00ed motor vyu\u017e\u00edv\u00e1 n\u011bkolik \u0159ad t\u011bsn\u011bn\u00ed jak v axi\u00e1ln\u00edm, tak v tangenci\u00e1ln\u00edm sm\u011bru. P\u0159\u00edstup s v\u00edce t\u011bsn\u011bn\u00edmi m\u00e1 jednozna\u010dn\u011b vy\u0161\u0161\u00ed \u00fa\u010dinnost t\u011bsn\u011bn\u00ed. Um\u00edst\u011bn\u00ed t\u011bsnic\u00edch prvk\u016f ve stacion\u00e1rn\u00ed \u010d\u00e1sti motoru zaji\u0161\u0165uje, \u017ee na t\u011bsn\u011bn\u00ed nep\u016fsob\u00ed setrva\u010dn\u00e9 s\u00edly. Poloha t\u011bsn\u011bn\u00ed tak\u00e9 usnad\u0148uje efektivn\u00ed chlazen\u00ed, kter\u00e9 sni\u017euje tvorbu tvrd\u00e9ho uhl\u00edku a zaru\u010duje optim\u00e1ln\u00ed provoz po dlouhou dobu.<\/p>\n\n\n\n<h2 class=\"wp-block-heading\">Tvar spalovac\u00ed komory<\/h2>\n\n\n\n<p>Kl\u00ed\u010dovou nev\u00fdhodou Wankelova motoru je tvar jeho spalovac\u00ed komory, kter\u00e1 je dlouh\u00e1 a \u00fazk\u00e1 a z\u00e1rove\u0148 m\u00e1 omezen\u00fd kompresn\u00ed pom\u011br. Dlouh\u00e1 cesta plamene vede k v\u011bt\u0161\u00edmu mno\u017estv\u00ed nesp\u00e1len\u00e9ho paliva a slab\u00fdm anti-detona\u010dn\u00edm  charakteristik\u00e1m motoru. Jeho velk\u00fd pom\u011br plochy k objemu vede k n\u00edzk\u00e9 tepeln\u00e9 \u00fa\u010dinnosti. Tyto vlastnosti vedou k vysok\u00e9 spot\u0159eb\u011b paliva, vysok\u00fdm emis\u00edm CO a CO2 a nadm\u011brn\u00fdm emis\u00edm HC z nesp\u00e1len\u00e9ho paliva.<\/p>\n\n\n\n<p>Birota\u010dn\u00ed motor pou\u017e\u00edv\u00e1 standardn\u00ed p\u00edsty, tak\u017ee tvar jeho spalovac\u00ed komory je podobn\u00fd konven\u010dn\u00edm \u010dty\u0159dob\u00fdm motor\u016fm. Jeho kompresn\u00ed pom\u011br nen\u00ed geometricky omezen. V p\u00edstu m\u016f\u017ee b\u00fdt vytvo\u0159en spalovac\u00ed prostor jak\u00e9hokoli tvaru, proto birota\u010dn\u00ed motor slibuje lep\u0161\u00ed \u00fa\u010dinnost spalov\u00e1n\u00ed ne\u017e Wankel\u016fv motor.<\/p>\n\n\n\n<h2 class=\"wp-block-heading\">Manufacturing and Repairability<\/h2>\n\n\n\n<p>Tvrd\u00fd, hladk\u00fd povrch pro snadn\u00e9 klouz\u00e1n\u00ed t\u011bsn\u00edc\u00edch prvk\u016f je nezbytn\u00fd pro rota\u010dn\u00ed motor. V p\u0159\u00edpad\u011b Wankelova motoru se tento povrch nach\u00e1z\u00ed uvnit\u0159 jeho sk\u0159\u00edn\u011b a m\u00e1 tvar epitrochoidy. Obr\u00e1b\u011bn\u00ed takov\u00e9ho povrchu je n\u00e1ro\u010dn\u00fd \u00fakol a povrch je v podstat\u011b neopraviteln\u00fd. Krom\u011b toho mus\u00ed tak\u00e9 vnit\u0159n\u00ed povrch bo\u010dn\u00edch v\u00edk spl\u0148ovat tyto n\u00e1ro\u010dn\u00e9 vlastnosti. Z\u00e1rove\u0148 je sk\u0159\u00ed\u0148 tepeln\u011b zat\u00ed\u017eena a deformuje se, co\u017e ve spojen\u00ed s jednou t\u011bsn\u00edc\u00ed li\u0161tou v rohu p\u00edstu zp\u016fsobuje v\u00fdznamn\u00e9 probl\u00e9my s t\u011bsn\u011bn\u00edm a odolnost\u00ed sk\u0159\u00edn\u011b. Dal\u0161\u00ed komponenty jsou tak\u00e9 velmi n\u00e1ro\u010dn\u00e9 na p\u0159esnost v\u00fdroby a odolnost proti opot\u0159eben\u00ed.<\/p>\n\n\n\n<p>Birota\u010dn\u00ed motor m\u00e1 tvrd\u00fd a le\u0161t\u011bn\u00fd vn\u011bj\u0161\u00ed povrch ot\u00e1\u010dej\u00edc\u00edho se bloku v\u00e1lc\u016f. Tento povrch je v\u00e1lcov\u00fd, tak\u017ee lze vyrobit bez jak\u00fdchkoli speci\u00e1ln\u00edch pracovn\u00edch proces\u016f, v p\u0159\u00edpad\u011b pot\u0159eby by se mohl pom\u011brn\u011b snadno opravit. V\u011bt\u0161ina \u010d\u00e1st\u00ed motoru je podobn\u00e1 konven\u010dn\u00edm motor\u016fm. Snadn\u00e9 opravy vedou k ni\u017e\u0161\u00edm n\u00e1klad\u016fm.<\/p>\n\n\n\n<p>V\u00edce informac\u00ed m\u016f\u017eete nal\u00e9zt <a href=\"https:\/\/knobgear.com\/cs\/birotary-engine\/\">zde.<\/a><\/p>\n\n\n\n<p><\/p>","protected":false},"excerpt":{"rendered":"<p>The birotary engine concept solves the shortfalls of the Wankel engine and other rotary engine designs. The major difference is superior sealing the combustion chamber. Absence of Inertia Forces Applied on Seal Seals of rotary engines are commonly located in their rotating parts and inertia forces from rotor movements are applied on them. These forces [&hellip;]<\/p>","protected":false},"author":2,"featured_media":0,"parent":59,"menu_order":0,"comment_status":"closed","ping_status":"closed","template":"","meta":{"site-sidebar-layout":"default","site-content-layout":"","ast-site-content-layout":"","site-content-style":"default","site-sidebar-style":"default","ast-global-header-display":"","ast-banner-title-visibility":"","ast-main-header-display":"","ast-hfb-above-header-display":"","ast-hfb-below-header-display":"","ast-hfb-mobile-header-display":"","site-post-title":"","ast-breadcrumbs-content":"","ast-featured-img":"","footer-sml-layout":"","theme-transparent-header-meta":"","adv-header-id-meta":"","stick-header-meta":"","header-above-stick-meta":"","header-main-stick-meta":"","header-below-stick-meta":"","astra-migrate-meta-layouts":"default","ast-page-background-enabled":"default","ast-page-background-meta":{"desktop":{"background-color":"var(--ast-global-color-4)","background-image":"","background-repeat":"repeat","background-position":"center center","background-size":"auto","background-attachment":"scroll","background-type":"","background-media":"","overlay-type":"","overlay-color":"","overlay-opacity":"","overlay-gradient":""},"tablet":{"background-color":"","background-image":"","background-repeat":"repeat","background-position":"center center","background-size":"auto","background-attachment":"scroll","background-type":"","background-media":"","overlay-type":"","overlay-color":"","overlay-opacity":"","overlay-gradient":""},"mobile":{"background-color":"","background-image":"","background-repeat":"repeat","background-position":"center center","background-size":"auto","background-attachment":"scroll","background-type":"","background-media":"","overlay-type":"","overlay-color":"","overlay-opacity":"","overlay-gradient":""}},"ast-content-background-meta":{"desktop":{"background-color":"var(--ast-global-color-5)","background-image":"","background-repeat":"repeat","background-position":"center center","background-size":"auto","background-attachment":"scroll","background-type":"","background-media":"","overlay-type":"","overlay-color":"","overlay-opacity":"","overlay-gradient":""},"tablet":{"background-color":"var(--ast-global-color-5)","background-image":"","background-repeat":"repeat","background-position":"center center","background-size":"auto","background-attachment":"scroll","background-type":"","background-media":"","overlay-type":"","overlay-color":"","overlay-opacity":"","overlay-gradient":""},"mobile":{"background-color":"var(--ast-global-color-5)","background-image":"","background-repeat":"repeat","background-position":"center center","background-size":"auto","background-attachment":"scroll","background-type":"","background-media":"","overlay-type":"","overlay-color":"","overlay-opacity":"","overlay-gradient":""}},"footnotes":""},"class_list":["post-445","page","type-page","status-publish","hentry"],"rankMath":{"parentDomain":"knobgear.com","noFollowDomains":[],"noFollowExcludeDomains":[],"noFollowExternalLinks":false,"featuredImageNotice":"Doporu\u010den\u00fd obr\u00e1zek by m\u011bl b\u00fdt alespo\u0148 200 x 200 pixel\u016f, aby jej bylo mo\u017en\u00e9 zachytit na Facebooku a na jin\u00fdch soci\u00e1ln\u00edch s\u00edt\u00edch.","pluginReviewed":false,"postSettings":{"linkSuggestions":true,"useFocusKeyword":false},"frontEndScore":false,"postName":"difference-advantages-wankel-engine","permalinkFormat":"https:\/\/knobgear.com\/cs\/%pagename%\/","showLockModifiedDate":true,"assessor":{"focusKeywordLink":"https:\/\/knobgear.com\/wp-admin\/edit.php?focus_keyword=%focus_keyword%&post_type=%post_type%","hasTOCPlugin":false,"primaryTaxonomy":false,"serpData":{"title":"","description":"Explore the differences and advantages of the KNOB Birotary Engine over the Wankel engine. Learn about superior sealing, efficiency, and innovative design features that set the Birotary Engine apart.","focusKeywords":"Birotary Engine,Wankel Engine","pillarContent":false,"canonicalUrl":"","breadcrumbTitle":"","advancedRobots":{"max-snippet":"-1","max-video-preview":"-1","max-image-preview":"large"},"facebookTitle":"","facebookDescription":"","facebookImage":"","facebookImageID":"","facebookHasOverlay":false,"facebookImageOverlay":"","facebookAuthor":"","twitterCardType":"","twitterUseFacebook":true,"twitterTitle":"","twitterDescription":"","twitterImage":"","twitterImageID":"","twitterHasOverlay":false,"twitterImageOverlay":"","twitterPlayerUrl":"","twitterPlayerSize":"","twitterPlayerStream":"","twitterPlayerStreamCtype":"","twitterAppDescription":"","twitterAppIphoneName":"","twitterAppIphoneID":"","twitterAppIphoneUrl":"","twitterAppIpadName":"","twitterAppIpadID":"","twitterAppIpadUrl":"","twitterAppGoogleplayName":"","twitterAppGoogleplayID":"","twitterAppGoogleplayUrl":"","twitterAppCountry":"","robots":{"index":true},"twitterAuthor":"u\u017eivatelsk\u00e9 jm\u00e9no","primaryTerm":0,"authorName":"Vaclav Pieter","titleTemplate":"%title% %page% %sep% %sitename%","descriptionTemplate":"%excerpt%","showScoreFrontend":true,"lockModifiedDate":false},"powerWords":[],"diacritics":{"A":"[\\u0041\\u24B6\\uFF21\\u00C0\\u00C1\\u00C2\\u1EA6\\u1EA4\\u1EAA\\u1EA8\\u00C3\\u0100\\u0102\\u1EB0\\u1EAE\\u1EB4\\u1EB2\\u0226\\u01E0\\u00C4\\u01DE\\u1EA2\\u00C5\\u01FA\\u01CD\\u0200\\u0202\\u1EA0\\u1EAC\\u1EB6\\u1E00\\u0104\\u023A\\u2C6F]","AA":"[\\uA732]","AE":"[\\u00C6\\u01FC\\u01E2]","AO":"[\\uA734]","AU":"[\\uA736]","AV":"[\\uA738\\uA73A]","AY":"[\\uA73C]","B":"[\\u0042\\u24B7\\uFF22\\u1E02\\u1E04\\u1E06\\u0243\\u0182\\u0181]","C":"[\\u0043\\u24B8\\uFF23\\u0106\\u0108\\u010A\\u010C\\u00C7\\u1E08\\u0187\\u023B\\uA73E]","D":"[\\u0044\\u24B9\\uFF24\\u1E0A\\u010E\\u1E0C\\u1E10\\u1E12\\u1E0E\\u0110\\u018B\\u018A\\u0189\\uA779]","DZ":"[\\u01F1\\u01C4]","Dz":"[\\u01F2\\u01C5]","E":"[\\u0045\\u24BA\\uFF25\\u00C8\\u00C9\\u00CA\\u1EC0\\u1EBE\\u1EC4\\u1EC2\\u1EBC\\u0112\\u1E14\\u1E16\\u0114\\u0116\\u00CB\\u1EBA\\u011A\\u0204\\u0206\\u1EB8\\u1EC6\\u0228\\u1E1C\\u0118\\u1E18\\u1E1A\\u0190\\u018E]","F":"[\\u0046\\u24BB\\uFF26\\u1E1E\\u0191\\uA77B]","G":"[\\u0047\\u24BC\\uFF27\\u01F4\\u011C\\u1E20\\u011E\\u0120\\u01E6\\u0122\\u01E4\\u0193\\uA7A0\\uA77D\\uA77E]","H":"[\\u0048\\u24BD\\uFF28\\u0124\\u1E22\\u1E26\\u021E\\u1E24\\u1E28\\u1E2A\\u0126\\u2C67\\u2C75\\uA78D]","I":"[\\u0049\\u24BE\\uFF29\\u00CC\\u00CD\\u00CE\\u0128\\u012A\\u012C\\u0130\\u00CF\\u1E2E\\u1EC8\\u01CF\\u0208\\u020A\\u1ECA\\u012E\\u1E2C\\u0197]","J":"[\\u004A\\u24BF\\uFF2A\\u0134\\u0248]","K":"[\\u004B\\u24C0\\uFF2B\\u1E30\\u01E8\\u1E32\\u0136\\u1E34\\u0198\\u2C69\\uA740\\uA742\\uA744\\uA7A2]","L":"[\\u004C\\u24C1\\uFF2C\\u013F\\u0139\\u013D\\u1E36\\u1E38\\u013B\\u1E3C\\u1E3A\\u0141\\u023D\\u2C62\\u2C60\\uA748\\uA746\\uA780]","LJ":"[\\u01C7]","Lj":"[\\u01C8]","M":"[\\u004D\\u24C2\\uFF2D\\u1E3E\\u1E40\\u1E42\\u2C6E\\u019C]","N":"[\\u004E\\u24C3\\uFF2E\\u01F8\\u0143\\u00D1\\u1E44\\u0147\\u1E46\\u0145\\u1E4A\\u1E48\\u0220\\u019D\\uA790\\uA7A4]","NJ":"[\\u01CA]","Nj":"[\\u01CB]","O":"[\\u004F\\u24C4\\uFF2F\\u00D2\\u00D3\\u00D4\\u1ED2\\u1ED0\\u1ED6\\u1ED4\\u00D5\\u1E4C\\u022C\\u1E4E\\u014C\\u1E50\\u1E52\\u014E\\u022E\\u0230\\u00D6\\u022A\\u1ECE\\u0150\\u01D1\\u020C\\u020E\\u01A0\\u1EDC\\u1EDA\\u1EE0\\u1EDE\\u1EE2\\u1ECC\\u1ED8\\u01EA\\u01EC\\u00D8\\u01FE\\u0186\\u019F\\uA74A\\uA74C]","OI":"[\\u01A2]","OO":"[\\uA74E]","OU":"[\\u0222]","P":"[\\u0050\\u24C5\\uFF30\\u1E54\\u1E56\\u01A4\\u2C63\\uA750\\uA752\\uA754]","Q":"[\\u0051\\u24C6\\uFF31\\uA756\\uA758\\u024A]","R":"[\\u0052\\u24C7\\uFF32\\u0154\\u1E58\\u0158\\u0210\\u0212\\u1E5A\\u1E5C\\u0156\\u1E5E\\u024C\\u2C64\\uA75A\\uA7A6\\uA782]","S":"[\\u0053\\u24C8\\uFF33\\u1E9E\\u015A\\u1E64\\u015C\\u1E60\\u0160\\u1E66\\u1E62\\u1E68\\u0218\\u015E\\u2C7E\\uA7A8\\uA784]","T":"[\\u0054\\u24C9\\uFF34\\u1E6A\\u0164\\u1E6C\\u021A\\u0162\\u1E70\\u1E6E\\u0166\\u01AC\\u01AE\\u023E\\uA786]","TZ":"[\\uA728]","U":"[\\u0055\\u24CA\\uFF35\\u00D9\\u00DA\\u00DB\\u0168\\u1E78\\u016A\\u1E7A\\u016C\\u00DC\\u01DB\\u01D7\\u01D5\\u01D9\\u1EE6\\u016E\\u0170\\u01D3\\u0214\\u0216\\u01AF\\u1EEA\\u1EE8\\u1EEE\\u1EEC\\u1EF0\\u1EE4\\u1E72\\u0172\\u1E76\\u1E74\\u0244]","V":"[\\u0056\\u24CB\\uFF36\\u1E7C\\u1E7E\\u01B2\\uA75E\\u0245]","VY":"[\\uA760]","W":"[\\u0057\\u24CC\\uFF37\\u1E80\\u1E82\\u0174\\u1E86\\u1E84\\u1E88\\u2C72]","X":"[\\u0058\\u24CD\\uFF38\\u1E8A\\u1E8C]","Y":"[\\u0059\\u24CE\\uFF39\\u1EF2\\u00DD\\u0176\\u1EF8\\u0232\\u1E8E\\u0178\\u1EF6\\u1EF4\\u01B3\\u024E\\u1EFE]","Z":"[\\u005A\\u24CF\\uFF3A\\u0179\\u1E90\\u017B\\u017D\\u1E92\\u1E94\\u01B5\\u0224\\u2C7F\\u2C6B\\uA762]","a":"[\\u0061\\u24D0\\uFF41\\u1E9A\\u00E0\\u00E1\\u00E2\\u1EA7\\u1EA5\\u1EAB\\u1EA9\\u00E3\\u0101\\u0103\\u1EB1\\u1EAF\\u1EB5\\u1EB3\\u0227\\u01E1\\u00E4\\u01DF\\u1EA3\\u00E5\\u01FB\\u01CE\\u0201\\u0203\\u1EA1\\u1EAD\\u1EB7\\u1E01\\u0105\\u2C65\\u0250]","aa":"[\\uA733]","ae":"[\\u00E6\\u01FD\\u01E3]","ao":"[\\uA735]","au":"[\\uA737]","av":"[\\uA739\\uA73B]","ay":"[\\uA73D]","b":"[\\u0062\\u24D1\\uFF42\\u1E03\\u1E05\\u1E07\\u0180\\u0183\\u0253]","c":"[\\u0063\\u24D2\\uFF43\\u0107\\u0109\\u010B\\u010D\\u00E7\\u1E09\\u0188\\u023C\\uA73F\\u2184]","d":"[\\u0064\\u24D3\\uFF44\\u1E0B\\u010F\\u1E0D\\u1E11\\u1E13\\u1E0F\\u0111\\u018C\\u0256\\u0257\\uA77A]","dz":"[\\u01F3\\u01C6]","e":"[\\u0065\\u24D4\\uFF45\\u00E8\\u00E9\\u00EA\\u1EC1\\u1EBF\\u1EC5\\u1EC3\\u1EBD\\u0113\\u1E15\\u1E17\\u0115\\u0117\\u00EB\\u1EBB\\u011B\\u0205\\u0207\\u1EB9\\u1EC7\\u0229\\u1E1D\\u0119\\u1E19\\u1E1B\\u0247\\u025B\\u01DD]","f":"[\\u0066\\u24D5\\uFF46\\u1E1F\\u0192\\uA77C]","g":"[\\u0067\\u24D6\\uFF47\\u01F5\\u011D\\u1E21\\u011F\\u0121\\u01E7\\u0123\\u01E5\\u0260\\uA7A1\\u1D79\\uA77F]","h":"[\\u0068\\u24D7\\uFF48\\u0125\\u1E23\\u1E27\\u021F\\u1E25\\u1E29\\u1E2B\\u1E96\\u0127\\u2C68\\u2C76\\u0265]","hv":"[\\u0195]","i":"[\\u0069\\u24D8\\uFF49\\u00EC\\u00ED\\u00EE\\u0129\\u012B\\u012D\\u00EF\\u1E2F\\u1EC9\\u01D0\\u0209\\u020B\\u1ECB\\u012F\\u1E2D\\u0268\\u0131]","j":"[\\u006A\\u24D9\\uFF4A\\u0135\\u01F0\\u0249]","k":"[\\u006B\\u24DA\\uFF4B\\u1E31\\u01E9\\u1E33\\u0137\\u1E35\\u0199\\u2C6A\\uA741\\uA743\\uA745\\uA7A3]","l":"[\\u006C\\u24DB\\uFF4C\\u0140\\u013A\\u013E\\u1E37\\u1E39\\u013C\\u1E3D\\u1E3B\\u017F\\u0142\\u019A\\u026B\\u2C61\\uA749\\uA781\\uA747]","lj":"[\\u01C9]","m":"[\\u006D\\u24DC\\uFF4D\\u1E3F\\u1E41\\u1E43\\u0271\\u026F]","n":"[\\u006E\\u24DD\\uFF4E\\u01F9\\u0144\\u00F1\\u1E45\\u0148\\u1E47\\u0146\\u1E4B\\u1E49\\u019E\\u0272\\u0149\\uA791\\uA7A5]","nj":"[\\u01CC]","o":"[\\u006F\\u24DE\\uFF4F\\u00F2\\u00F3\\u00F4\\u1ED3\\u1ED1\\u1ED7\\u1ED5\\u00F5\\u1E4D\\u022D\\u1E4F\\u014D\\u1E51\\u1E53\\u014F\\u022F\\u0231\\u00F6\\u022B\\u1ECF\\u0151\\u01D2\\u020D\\u020F\\u01A1\\u1EDD\\u1EDB\\u1EE1\\u1EDF\\u1EE3\\u1ECD\\u1ED9\\u01EB\\u01ED\\u00F8\\u01FF\\u0254\\uA74B\\uA74D\\u0275]","oi":"[\\u01A3]","ou":"[\\u0223]","oo":"[\\uA74F]","p":"[\\u0070\\u24DF\\uFF50\\u1E55\\u1E57\\u01A5\\u1D7D\\uA751\\uA753\\uA755]","q":"[\\u0071\\u24E0\\uFF51\\u024B\\uA757\\uA759]","r":"[\\u0072\\u24E1\\uFF52\\u0155\\u1E59\\u0159\\u0211\\u0213\\u1E5B\\u1E5D\\u0157\\u1E5F\\u024D\\u027D\\uA75B\\uA7A7\\uA783]","s":"[\\u0073\\u24E2\\uFF53\\u015B\\u1E65\\u015D\\u1E61\\u0161\\u1E67\\u1E63\\u1E69\\u0219\\u015F\\u023F\\uA7A9\\uA785\\u1E9B]","ss":"[\\u00DF]","t":"[\\u0074\\u24E3\\uFF54\\u1E6B\\u1E97\\u0165\\u1E6D\\u021B\\u0163\\u1E71\\u1E6F\\u0167\\u01AD\\u0288\\u2C66\\uA787]","tz":"[\\uA729]","u":"[\\u0075\\u24E4\\uFF55\\u00F9\\u00FA\\u00FB\\u0169\\u1E79\\u016B\\u1E7B\\u016D\\u00FC\\u01DC\\u01D8\\u01D6\\u01DA\\u1EE7\\u016F\\u0171\\u01D4\\u0215\\u0217\\u01B0\\u1EEB\\u1EE9\\u1EEF\\u1EED\\u1EF1\\u1EE5\\u1E73\\u0173\\u1E77\\u1E75\\u0289]","v":"[\\u0076\\u24E5\\uFF56\\u1E7D\\u1E7F\\u028B\\uA75F\\u028C]","vy":"[\\uA761]","w":"[\\u0077\\u24E6\\uFF57\\u1E81\\u1E83\\u0175\\u1E87\\u1E85\\u1E98\\u1E89\\u2C73]","x":"[\\u0078\\u24E7\\uFF58\\u1E8B\\u1E8D]","y":"[\\u0079\\u24E8\\uFF59\\u1EF3\\u00FD\\u0177\\u1EF9\\u0233\\u1E8F\\u00FF\\u1EF7\\u1E99\\u1EF5\\u01B4\\u024F\\u1EFF]","z":"[\\u007A\\u24E9\\uFF5A\\u017A\\u1E91\\u017C\\u017E\\u1E93\\u1E95\\u01B6\\u0225\\u0240\\u2C6C\\uA763]"},"researchesTests":["contentHasTOC","contentHasShortParagraphs","contentHasAssets","keywordInTitle","keywordInMetaDescription","keywordInPermalink","keywordIn10Percent","keywordInContent","keywordInSubheadings","keywordInImageAlt","keywordDensity","keywordNotUsed","lengthContent","lengthPermalink","linksHasInternal","linksHasExternals","linksNotAllExternals","titleStartWithKeyword","titleSentiment","titleHasPowerWords","titleHasNumber","hasContentAI"],"hasRedirection":true,"hasBreadcrumb":true},"homeUrl":"https:\/\/knobgear.com\/cs","objectID":445,"objectType":"post","locale":"cs","localeFull":"cs_CZ","overlayImages":{"play":{"name":"Ikona p\u0159ehr\u00e1v\u00e1n\u00ed","url":"https:\/\/knobgear.com\/wp-content\/plugins\/seo-by-rank-math\/assets\/admin\/img\/icon-play.png","path":"\/srv\/htdocs\/wp-content\/plugins\/seo-by-rank-math\/assets\/admin\/img\/icon-play.png","position":"middle_center"},"gif":{"name":"GIF ikona","url":"https:\/\/knobgear.com\/wp-content\/plugins\/seo-by-rank-math\/assets\/admin\/img\/icon-gif.png","path":"\/srv\/htdocs\/wp-content\/plugins\/seo-by-rank-math\/assets\/admin\/img\/icon-gif.png","position":"middle_center"}},"defautOgImage":"https:\/\/knobgear.com\/wp-content\/plugins\/seo-by-rank-math\/assets\/admin\/img\/social-placeholder.jpg","customPermalinks":true,"isUserRegistered":true,"autoSuggestKeywords":true,"connectSiteUrl":"https:\/\/rankmath.com\/auth?site=https%3A%2F%2Fknobgear.com%2Fcs&r=https%3A%2F%2Fknobgear.com%2Fcs%2Fwp-json%2Fwp%2Fv2%2Fpages%2F445%3Fnonce%3Da7cd1ad7f4&pro=1","maxTags":100,"trendsIcon":"<svg viewBox=\"0 0 610 610\"><path d=\"M18.85,446,174.32,290.48l58.08,58.08L76.93,504a14.54,14.54,0,0,1-20.55,0L18.83,466.48a14.54,14.54,0,0,1,0-20.55Z\" style=\"fill:#4285f4\"\/><path d=\"M242.65,242.66,377.59,377.6l-47.75,47.75a14.54,14.54,0,0,1-20.55,0L174.37,290.43l47.75-47.75A14.52,14.52,0,0,1,242.65,242.66Z\" style=\"fill:#ea4335\"\/><polygon points=\"319.53 319.53 479.26 159.8 537.34 217.88 377.61 377.62 319.53 319.53\" style=\"fill:#fabb05\"\/><path d=\"M594.26,262.73V118.61h0a16.94,16.94,0,0,0-16.94-16.94H433.2a16.94,16.94,0,0,0-12,28.92L565.34,274.71h0a16.94,16.94,0,0,0,28.92-12Z\" style=\"fill:#34a853\"\/><rect width=\"610\" height=\"610\" style=\"fill:none\"\/><\/svg>","showScore":true,"siteFavIcon":"https:\/\/knobgear.com\/wp-content\/uploads\/2024\/03\/cropped-customcolor_icon_transparent_background-512x512-1-32x32.png","canUser":{"general":false,"advanced":false,"snippet":false,"social":false,"analysis":false,"analytics":false,"content_ai":false},"showKeywordIntent":true,"isPro":true,"is_front_page":false,"trendsUpgradeLink":"https:\/\/rankmath.com\/pricing\/?utm_source=Plugin&utm_medium=CE%20General%20Tab%20Trends&utm_campaign=WP","trendsUpgradeLabel":"Upgradovat","trendsPreviewImage":"https:\/\/knobgear.com\/wp-content\/plugins\/seo-by-rank-math\/assets\/admin\/img\/trends-preview.jpg","currentEditor":false,"homepageData":{"assessor":{"powerWords":[],"diacritics":true,"researchesTests":["contentHasTOC","contentHasShortParagraphs","contentHasAssets","keywordInTitle","keywordInMetaDescription","keywordInPermalink","keywordIn10Percent","keywordInContent","keywordInSubheadings","keywordInImageAlt","keywordDensity","keywordNotUsed","lengthContent","lengthPermalink","linksHasInternal","linksHasExternals","linksNotAllExternals","titleStartWithKeyword","titleSentiment","titleHasPowerWords","titleHasNumber","hasContentAI"],"hasBreadcrumb":true,"serpData":{"title":"%sitename% %page% %sep% %sitedesc%","description":"","titleTemplate":"%sitename% %page% %sep% %sitedesc%","descriptionTemplate":"","focusKeywords":"","breadcrumbTitle":"Home","robots":{"index":true},"advancedRobots":{"max-snippet":"-1","max-video-preview":"-1","max-image-preview":"large"},"facebookTitle":"","facebookDescription":"","facebookImage":"","facebookImageID":""}}},"searchIntents":[],"isAnalyticsConnected":true,"tocTitle":"Table of Contents","tocExcludeHeadings":[],"listStyle":"ul"},"_links":{"self":[{"href":"https:\/\/knobgear.com\/cs\/wp-json\/wp\/v2\/pages\/445","targetHints":{"allow":["GET"]}}],"collection":[{"href":"https:\/\/knobgear.com\/cs\/wp-json\/wp\/v2\/pages"}],"about":[{"href":"https:\/\/knobgear.com\/cs\/wp-json\/wp\/v2\/types\/page"}],"author":[{"embeddable":true,"href":"https:\/\/knobgear.com\/cs\/wp-json\/wp\/v2\/users\/2"}],"replies":[{"embeddable":true,"href":"https:\/\/knobgear.com\/cs\/wp-json\/wp\/v2\/comments?post=445"}],"version-history":[{"count":0,"href":"https:\/\/knobgear.com\/cs\/wp-json\/wp\/v2\/pages\/445\/revisions"}],"up":[{"embeddable":true,"href":"https:\/\/knobgear.com\/cs\/wp-json\/wp\/v2\/pages\/59"}],"wp:attachment":[{"href":"https:\/\/knobgear.com\/cs\/wp-json\/wp\/v2\/media?parent=445"}],"curies":[{"name":"wp","href":"https:\/\/api.w.org\/{rel}","templated":true}]}}