{"id":80,"date":"2024-03-01T13:35:40","date_gmt":"2024-03-01T13:35:40","guid":{"rendered":"https:\/\/knobgear.com\/?page_id=80"},"modified":"2024-12-06T10:21:28","modified_gmt":"2024-12-06T10:21:28","slug":"range-extender-prototype","status":"publish","type":"page","link":"https:\/\/knobgear.com\/cs\/range-extender\/range-extender-prototype\/","title":{"rendered":"Funk\u010dn\u00ed vzorek Range extendru"},"content":{"rendered":"<p>V\u00edme \u017ee 3D modely a po\u010dita\u010dov\u00e9 simulace nemus\u00ed b\u00fdt pro n\u011bkter\u00e9 z\u00e1jemce dostate\u010dn\u00e9 pr\u016fkazn\u00e9 a proto jsme se rozhodli vyrobit uk\u00e1zkov\u00fd kus range extednru, na kter\u00e9m budeme prezentovat v\u0161echny jeho vlastnosti a v\u00fdhody.<\/p>\n\n\n\n<figure class=\"wp-block-image aligncenter size-full\"><img decoding=\"async\" src=\"https:\/\/knobgear.com\/wp-content\/uploads\/2024\/09\/Functional-sample-700x500-1-e1732888909544.webp\" alt=\"\"\/><\/figure>\n\n\n\n<h2 class=\"wp-block-heading\">Popis funk\u010dn\u00edho vzorku<\/h2>\n\n\n\n<figure class=\"wp-block-image aligncenter size-large\"><img decoding=\"async\" src=\"https:\/\/knobgear.com\/wp-content\/uploads\/2024\/09\/1-axoPlny.webp\" alt=\"\"\/><\/figure>\n\n\n\n<p>Funk\u010dn\u00ed vzorek je zhotoveno ze dvou jednov\u00e1lcov\u00fdch \u010dty\u0159dob\u00fdch motor\u016f sk\u00fatru Honda PCX 150. Karter funk\u010dn\u00edho vzorku je vyroben sva\u0159en\u00edm dvou s\u00e9riov\u00fdch karter\u016f. Klikov\u00e9 mechanismy jsou upraven\u00e9 a opat\u0159en\u00e9 ozuben\u00fdmi koly pro synchronizaci jejich rotace. Klikov\u00e9 mechanismy a va\u010dkov\u00e9 h\u0159\u00eddele jsou vyv\u00e1\u017een\u00e9 dle po\u017eadavku tohoto technick\u00e9ho \u0159e\u0161en\u00ed. V\u00e1lce, hlavy v\u00e1lc\u016f, rozvodov\u00fd mechanismus jsou pou\u017eity s\u00e9riov\u00e9. Motory jsou z v\u00fdroby vybaveny t\u0159\u00edf\u00e1zov\u00fdm gener\u00e1torem s permanentn\u00edmi magnety v rotoru, kter\u00fd je nasazen na klikov\u00e9 h\u0159\u00eddeli. Tento gener\u00e1tor slou\u017e\u00ed k nap\u00e1jen\u00ed 12V s\u00edt\u011b motoru. Tento gener\u00e1tor takt\u00e9\u017e slou\u017e\u00ed jako start\u00e9r motoru.<\/p>\n\n\n\n<p>Je d\u016fle\u017eit\u00e9 zm\u00ednit, \u017ee symetrick\u00e9 proveden\u00ed technick\u00e9ho \u0159e\u0161en\u00ed motor-gener\u00e1toru dle na\u0161eho patentu \u0159e\u0161\u00ed v\u0161echny probl\u00e9my s vyv\u00e1\u017een\u00edm sou\u010d\u00e1st\u00ed klikov\u00e9ho mechanismu. Nap\u0159\u00edklad vyv\u00e1\u017een\u00ed obecn\u00e9ho rovinn\u00e9ho pohybu ojnice.<\/p>\n\n\n\n<p>D\u00e1le bychom cht\u011bli zm\u00ednit, \u017ee existuj\u00ed excentrick\u00e9 klikov\u00e9 mechanismy v jejich\u017e p\u0159\u00edpad\u011b m\u00e1 pohyb posuvn\u00fdch hmot komplikovan\u011bj\u0161\u00ed matematick\u00e9 vyj\u00e1d\u0159en\u00ed. Tyto klikov\u00e9 mechanismy se tak\u00e9 obt\u00ed\u017en\u011bji vyva\u017euj\u00ed obzvl\u00e1\u0161t\u011b v jednov\u00e1lcov\u00e9ho proveden\u00ed. V p\u0159\u00edpad\u011b na\u0161eho prezent\u00e1toru je excentricita 6.5 mm. Op\u011bt d\u00edky symetrick\u00e9mu proveden\u00ed jsou v\u0161echny setrva\u010dn\u00e9 s\u00edly dokonale kompenzov\u00e1ny i pro toto specifick\u00e9 \u0159e\u0161en\u00ed klikov\u00e9ho mechanismu.<\/p>\n\n\n\n<p>Funk\u010dn\u00ed vzorek m\u00e1 dva samostatn\u00e9 elektrick\u00e9 okruhy to znamen\u00e1 dv\u011b \u0159\u00edd\u00edc\u00ed jednotky motoru, dva gener\u00e1tory, ka\u017ed\u00fd gener\u00e1tor m\u00e1 vlastn\u00ed z\u00e1t\u011b\u017e ve form\u011b topn\u00fdch trubic atd... D\u00edky tomuto nez\u00e1visl\u00e9mu zapojen\u00ed m\u016f\u017eeme simulovat r\u016fzn\u00e9 sc\u00e9n\u00e1\u0159e provozu motor-gener\u00e1toru v\u010detn\u011b poruchov\u00fdch stav\u016f jako jsou v\u00fdpadek zapalov\u00e1n\u00ed nebo porucha gener\u00e1toru, a jejich vliv na vznik vibrac\u00ed.<\/p>\n\n\n\n<p>Pokud v\u00e1s zaj\u00edm\u00e1 stavba prototypu, v\u00edce podrobnost\u00ed najdete v na\u0161em <a href=\"https:\/\/knobgear.com\/cs\/category\/knobgear-blog\/range-extender\/\">blogu<\/a>.<\/p>\n\n\n\n<h3 class=\"wp-block-heading\">Parametry funk\u010dn\u00edho vzorku:<\/h3>\n\n\n\n<figure class=\"wp-block-table is-style-regular\"><table class=\"has-fixed-layout\"><tbody><tr><td>Maxim\u00e1ln\u00ed v\u00fdkon:<\/td><td>2 x 10 kW \/ 13k at 8500 rpm<\/td><\/tr><tr><td>To\u010div\u00fd moment:<\/td><td>2 x 14 Nm at 5250 rpm<\/td><\/tr><tr><td>Vrt\u00e1n\u00ed a zdvih:<\/td><td>58.0 x 57.9 mm<\/td><\/tr><tr><td>Zdvihov\u00fd objem:<\/td><td>2 x 153 ccm<\/td><\/tr><tr><td>Kompresn\u00ed pom\u011br:<\/td><td>10.6 \/ 1<\/td><\/tr><tr><td>Excentricita klikov\u00e9ho mechanismu:<\/td><td>6.5 mm<\/td><\/tr><tr><td>Rozvody:<\/td><td>Two valves SOHC<\/td><\/tr><tr><td>Maxim\u00e1ln\u00ed v\u00fdkon gener\u00e1toru:<\/td><td>2 x 8 kW<\/td><\/tr><tr><td>Elektronicky \u0159\u00edzen\u00e9 zapalov\u00e1n\u00ed a vst\u0159ikov\u00e1n\u00ed paliva.<\/td><td><\/td><\/tr><\/tbody><\/table><\/figure>\n\n\n\n<h3 class=\"wp-block-heading\">Vybran\u00e9 pohledy a \u0159ezy 3D modelu funk\u010dn\u00edho vzorku<\/h3>\n\n\n\n<figure class=\"wp-block-gallery has-nested-images columns-default is-cropped wp-block-gallery-1 is-layout-flex wp-block-gallery-is-layout-flex\">\n<figure class=\"wp-block-image size-large\"><img loading=\"lazy\" decoding=\"async\" width=\"1000\" height=\"515\" data-id=\"2013\" src=\"https:\/\/knobgear.com\/wp-content\/uploads\/2024\/09\/Range-Extender-Prototype-2-1000x515-1.webp\" alt=\"\" class=\"wp-image-2013\" srcset=\"https:\/\/knobgear.com\/wp-content\/uploads\/2024\/09\/Range-Extender-Prototype-2-1000x515-1.webp 1000w, https:\/\/knobgear.com\/wp-content\/uploads\/2024\/09\/Range-Extender-Prototype-2-1000x515-1-300x155.webp 300w, https:\/\/knobgear.com\/wp-content\/uploads\/2024\/09\/Range-Extender-Prototype-2-1000x515-1-768x396.webp 768w, https:\/\/knobgear.com\/wp-content\/uploads\/2024\/09\/Range-Extender-Prototype-2-1000x515-1-18x9.webp 18w\" sizes=\"auto, (max-width: 1000px) 100vw, 1000px\" \/><figcaption class=\"wp-element-caption\">Range Extender 3D model<\/figcaption><\/figure>\n\n\n\n<figure class=\"wp-block-image size-large\"><img loading=\"lazy\" decoding=\"async\" width=\"1000\" height=\"725\" data-id=\"2014\" src=\"https:\/\/knobgear.com\/wp-content\/uploads\/2024\/09\/Range-Extender-Prototype-4-1000x725-1.webp\" alt=\"\" class=\"wp-image-2014\" srcset=\"https:\/\/knobgear.com\/wp-content\/uploads\/2024\/09\/Range-Extender-Prototype-4-1000x725-1.webp 1000w, https:\/\/knobgear.com\/wp-content\/uploads\/2024\/09\/Range-Extender-Prototype-4-1000x725-1-300x218.webp 300w, https:\/\/knobgear.com\/wp-content\/uploads\/2024\/09\/Range-Extender-Prototype-4-1000x725-1-768x557.webp 768w, https:\/\/knobgear.com\/wp-content\/uploads\/2024\/09\/Range-Extender-Prototype-4-1000x725-1-18x12.webp 18w\" sizes=\"auto, (max-width: 1000px) 100vw, 1000px\" \/><figcaption class=\"wp-element-caption\">Range Extender 3D model<\/figcaption><\/figure>\n\n\n\n<figure class=\"wp-block-image size-large\"><img loading=\"lazy\" decoding=\"async\" width=\"1000\" height=\"672\" data-id=\"2015\" src=\"https:\/\/knobgear.com\/wp-content\/uploads\/2024\/09\/Range-Extender-Prototype-1-top-1000x672-1.webp\" alt=\"\" class=\"wp-image-2015\" srcset=\"https:\/\/knobgear.com\/wp-content\/uploads\/2024\/09\/Range-Extender-Prototype-1-top-1000x672-1.webp 1000w, https:\/\/knobgear.com\/wp-content\/uploads\/2024\/09\/Range-Extender-Prototype-1-top-1000x672-1-300x202.webp 300w, https:\/\/knobgear.com\/wp-content\/uploads\/2024\/09\/Range-Extender-Prototype-1-top-1000x672-1-768x516.webp 768w, https:\/\/knobgear.com\/wp-content\/uploads\/2024\/09\/Range-Extender-Prototype-1-top-1000x672-1-18x12.webp 18w\" sizes=\"auto, (max-width: 1000px) 100vw, 1000px\" \/><figcaption class=\"wp-element-caption\">Range Extender 3D model<\/figcaption><\/figure>\n\n\n\n<figure class=\"wp-block-image size-large\"><img loading=\"lazy\" decoding=\"async\" width=\"1024\" height=\"919\" data-id=\"2016\" src=\"https:\/\/knobgear.com\/wp-content\/uploads\/2024\/09\/Range-Extender-Prototype-back-1024x919.webp\" alt=\"\" class=\"wp-image-2016\" srcset=\"https:\/\/knobgear.com\/wp-content\/uploads\/2024\/09\/Range-Extender-Prototype-back-1024x919.webp 1024w, https:\/\/knobgear.com\/wp-content\/uploads\/2024\/09\/Range-Extender-Prototype-back-300x269.webp 300w, https:\/\/knobgear.com\/wp-content\/uploads\/2024\/09\/Range-Extender-Prototype-back-768x689.webp 768w, https:\/\/knobgear.com\/wp-content\/uploads\/2024\/09\/Range-Extender-Prototype-back-13x12.webp 13w, https:\/\/knobgear.com\/wp-content\/uploads\/2024\/09\/Range-Extender-Prototype-back.webp 1040w\" sizes=\"auto, (max-width: 1024px) 100vw, 1024px\" \/><figcaption class=\"wp-element-caption\">Range Extender 3D model<\/figcaption><\/figure>\n\n\n\n<figure class=\"wp-block-image size-large\"><img loading=\"lazy\" decoding=\"async\" width=\"1024\" height=\"936\" data-id=\"2018\" src=\"https:\/\/knobgear.com\/wp-content\/uploads\/2024\/09\/Range-Extender-Prototype-front-1024x936.webp\" alt=\"\" class=\"wp-image-2018\" srcset=\"https:\/\/knobgear.com\/wp-content\/uploads\/2024\/09\/Range-Extender-Prototype-front-1024x936.webp 1024w, https:\/\/knobgear.com\/wp-content\/uploads\/2024\/09\/Range-Extender-Prototype-front-300x274.webp 300w, https:\/\/knobgear.com\/wp-content\/uploads\/2024\/09\/Range-Extender-Prototype-front-768x702.webp 768w, https:\/\/knobgear.com\/wp-content\/uploads\/2024\/09\/Range-Extender-Prototype-front-13x12.webp 13w, https:\/\/knobgear.com\/wp-content\/uploads\/2024\/09\/Range-Extender-Prototype-front.webp 1039w\" sizes=\"auto, (max-width: 1024px) 100vw, 1024px\" \/><figcaption class=\"wp-element-caption\">Range Extender 3D model<\/figcaption><\/figure>\n\n\n\n<figure class=\"wp-block-image size-large\"><img loading=\"lazy\" decoding=\"async\" width=\"668\" height=\"926\" data-id=\"2017\" src=\"https:\/\/knobgear.com\/wp-content\/uploads\/2024\/09\/Range-Extender-Prototype-side.webp\" alt=\"\" class=\"wp-image-2017\" srcset=\"https:\/\/knobgear.com\/wp-content\/uploads\/2024\/09\/Range-Extender-Prototype-side.webp 668w, https:\/\/knobgear.com\/wp-content\/uploads\/2024\/09\/Range-Extender-Prototype-side-216x300.webp 216w, https:\/\/knobgear.com\/wp-content\/uploads\/2024\/09\/Range-Extender-Prototype-side-9x12.webp 9w\" sizes=\"auto, (max-width: 668px) 100vw, 668px\" \/><figcaption class=\"wp-element-caption\">Range Extender 3D model<\/figcaption><\/figure>\n<\/figure>\n\n\n\n<p><\/p>","protected":false},"excerpt":{"rendered":"<p>We know that 3D models and computer simulations may not be sufficiently conclusive and convincing for interested parties. Therefore, we decided to create a range extender prototype on which we will present its real characteristics in real operation of the device. The Prototype Description: The prototype is made of two single-cylinder four-stroke engines of Honda [&hellip;]<\/p>","protected":false},"author":2,"featured_media":1950,"parent":1535,"menu_order":0,"comment_status":"closed","ping_status":"closed","template":"","meta":{"site-sidebar-layout":"default","site-content-layout":"","ast-site-content-layout":"","site-content-style":"default","site-sidebar-style":"default","ast-global-header-display":"","ast-banner-title-visibility":"","ast-main-header-display":"","ast-hfb-above-header-display":"","ast-hfb-below-header-display":"","ast-hfb-mobile-header-display":"","site-post-title":"","ast-breadcrumbs-content":"","ast-featured-img":"disabled","footer-sml-layout":"","theme-transparent-header-meta":"","adv-header-id-meta":"","stick-header-meta":"","header-above-stick-meta":"","header-main-stick-meta":"","header-below-stick-meta":"","astra-migrate-meta-layouts":"default","ast-page-background-enabled":"default","ast-page-background-meta":{"desktop":{"background-color":"var(--ast-global-color-4)","background-image":"","background-repeat":"repeat","background-position":"center center","background-size":"auto","background-attachment":"scroll","background-type":"","background-media":"","overlay-type":"","overlay-color":"","overlay-opacity":"","overlay-gradient":""},"tablet":{"background-color":"","background-image":"","background-repeat":"repeat","background-position":"center center","background-size":"auto","background-attachment":"scroll","background-type":"","background-media":"","overlay-type":"","overlay-color":"","overlay-opacity":"","overlay-gradient":""},"mobile":{"background-color":"","background-image":"","background-repeat":"repeat","background-position":"center center","background-size":"auto","background-attachment":"scroll","background-type":"","background-media":"","overlay-type":"","overlay-color":"","overlay-opacity":"","overlay-gradient":""}},"ast-content-background-meta":{"desktop":{"background-color":"var(--ast-global-color-5)","background-image":"","background-repeat":"repeat","background-position":"center center","background-size":"auto","background-attachment":"scroll","background-type":"","background-media":"","overlay-type":"","overlay-color":"","overlay-opacity":"","overlay-gradient":""},"tablet":{"background-color":"var(--ast-global-color-5)","background-image":"","background-repeat":"repeat","background-position":"center center","background-size":"auto","background-attachment":"scroll","background-type":"","background-media":"","overlay-type":"","overlay-color":"","overlay-opacity":"","overlay-gradient":""},"mobile":{"background-color":"var(--ast-global-color-5)","background-image":"","background-repeat":"repeat","background-position":"center center","background-size":"auto","background-attachment":"scroll","background-type":"","background-media":"","overlay-type":"","overlay-color":"","overlay-opacity":"","overlay-gradient":""}},"footnotes":""},"class_list":["post-80","page","type-page","status-publish","has-post-thumbnail","hentry"],"rankMath":{"parentDomain":"knobgear.com","noFollowDomains":[],"noFollowExcludeDomains":[],"noFollowExternalLinks":false,"featuredImageNotice":"Doporu\u010den\u00fd obr\u00e1zek by m\u011bl b\u00fdt alespo\u0148 200 x 200 pixel\u016f, aby jej bylo mo\u017en\u00e9 zachytit na Facebooku a na jin\u00fdch soci\u00e1ln\u00edch s\u00edt\u00edch.","pluginReviewed":false,"postSettings":{"linkSuggestions":true,"useFocusKeyword":false},"frontEndScore":false,"postName":"range-extender-prototype","permalinkFormat":"https:\/\/knobgear.com\/cs\/%pagename%\/","showLockModifiedDate":true,"assessor":{"focusKeywordLink":"https:\/\/knobgear.com\/wp-admin\/edit.php?focus_keyword=%focus_keyword%&post_type=%post_type%","hasTOCPlugin":false,"primaryTaxonomy":false,"serpData":{"title":"","description":"Explore the KNOBGEAR Range Extender Prototype. Delve into the engineering marvel of our prototype, designed to demonstrate the real-world performance and benefits of our innovative motor-generator technology in electric vehicles.","focusKeywords":"Prototype,Range Extender,Range Extender Prototype","pillarContent":false,"canonicalUrl":"","breadcrumbTitle":"","advancedRobots":{"max-snippet":"-1","max-video-preview":"-1","max-image-preview":"large"},"facebookTitle":"","facebookDescription":"","facebookImage":"","facebookImageID":"","facebookHasOverlay":false,"facebookImageOverlay":"","facebookAuthor":"","twitterCardType":"","twitterUseFacebook":true,"twitterTitle":"","twitterDescription":"","twitterImage":"","twitterImageID":"","twitterHasOverlay":false,"twitterImageOverlay":"","twitterPlayerUrl":"","twitterPlayerSize":"","twitterPlayerStream":"","twitterPlayerStreamCtype":"","twitterAppDescription":"","twitterAppIphoneName":"","twitterAppIphoneID":"","twitterAppIphoneUrl":"","twitterAppIpadName":"","twitterAppIpadID":"","twitterAppIpadUrl":"","twitterAppGoogleplayName":"","twitterAppGoogleplayID":"","twitterAppGoogleplayUrl":"","twitterAppCountry":"","robots":{"index":true},"twitterAuthor":"u\u017eivatelsk\u00e9 jm\u00e9no","primaryTerm":0,"authorName":"Vaclav Pieter","titleTemplate":"%title% %page% %sep% %sitename%","descriptionTemplate":"%excerpt%","showScoreFrontend":true,"lockModifiedDate":false},"powerWords":[],"diacritics":{"A":"[\\u0041\\u24B6\\uFF21\\u00C0\\u00C1\\u00C2\\u1EA6\\u1EA4\\u1EAA\\u1EA8\\u00C3\\u0100\\u0102\\u1EB0\\u1EAE\\u1EB4\\u1EB2\\u0226\\u01E0\\u00C4\\u01DE\\u1EA2\\u00C5\\u01FA\\u01CD\\u0200\\u0202\\u1EA0\\u1EAC\\u1EB6\\u1E00\\u0104\\u023A\\u2C6F]","AA":"[\\uA732]","AE":"[\\u00C6\\u01FC\\u01E2]","AO":"[\\uA734]","AU":"[\\uA736]","AV":"[\\uA738\\uA73A]","AY":"[\\uA73C]","B":"[\\u0042\\u24B7\\uFF22\\u1E02\\u1E04\\u1E06\\u0243\\u0182\\u0181]","C":"[\\u0043\\u24B8\\uFF23\\u0106\\u0108\\u010A\\u010C\\u00C7\\u1E08\\u0187\\u023B\\uA73E]","D":"[\\u0044\\u24B9\\uFF24\\u1E0A\\u010E\\u1E0C\\u1E10\\u1E12\\u1E0E\\u0110\\u018B\\u018A\\u0189\\uA779]","DZ":"[\\u01F1\\u01C4]","Dz":"[\\u01F2\\u01C5]","E":"[\\u0045\\u24BA\\uFF25\\u00C8\\u00C9\\u00CA\\u1EC0\\u1EBE\\u1EC4\\u1EC2\\u1EBC\\u0112\\u1E14\\u1E16\\u0114\\u0116\\u00CB\\u1EBA\\u011A\\u0204\\u0206\\u1EB8\\u1EC6\\u0228\\u1E1C\\u0118\\u1E18\\u1E1A\\u0190\\u018E]","F":"[\\u0046\\u24BB\\uFF26\\u1E1E\\u0191\\uA77B]","G":"[\\u0047\\u24BC\\uFF27\\u01F4\\u011C\\u1E20\\u011E\\u0120\\u01E6\\u0122\\u01E4\\u0193\\uA7A0\\uA77D\\uA77E]","H":"[\\u0048\\u24BD\\uFF28\\u0124\\u1E22\\u1E26\\u021E\\u1E24\\u1E28\\u1E2A\\u0126\\u2C67\\u2C75\\uA78D]","I":"[\\u0049\\u24BE\\uFF29\\u00CC\\u00CD\\u00CE\\u0128\\u012A\\u012C\\u0130\\u00CF\\u1E2E\\u1EC8\\u01CF\\u0208\\u020A\\u1ECA\\u012E\\u1E2C\\u0197]","J":"[\\u004A\\u24BF\\uFF2A\\u0134\\u0248]","K":"[\\u004B\\u24C0\\uFF2B\\u1E30\\u01E8\\u1E32\\u0136\\u1E34\\u0198\\u2C69\\uA740\\uA742\\uA744\\uA7A2]","L":"[\\u004C\\u24C1\\uFF2C\\u013F\\u0139\\u013D\\u1E36\\u1E38\\u013B\\u1E3C\\u1E3A\\u0141\\u023D\\u2C62\\u2C60\\uA748\\uA746\\uA780]","LJ":"[\\u01C7]","Lj":"[\\u01C8]","M":"[\\u004D\\u24C2\\uFF2D\\u1E3E\\u1E40\\u1E42\\u2C6E\\u019C]","N":"[\\u004E\\u24C3\\uFF2E\\u01F8\\u0143\\u00D1\\u1E44\\u0147\\u1E46\\u0145\\u1E4A\\u1E48\\u0220\\u019D\\uA790\\uA7A4]","NJ":"[\\u01CA]","Nj":"[\\u01CB]","O":"[\\u004F\\u24C4\\uFF2F\\u00D2\\u00D3\\u00D4\\u1ED2\\u1ED0\\u1ED6\\u1ED4\\u00D5\\u1E4C\\u022C\\u1E4E\\u014C\\u1E50\\u1E52\\u014E\\u022E\\u0230\\u00D6\\u022A\\u1ECE\\u0150\\u01D1\\u020C\\u020E\\u01A0\\u1EDC\\u1EDA\\u1EE0\\u1EDE\\u1EE2\\u1ECC\\u1ED8\\u01EA\\u01EC\\u00D8\\u01FE\\u0186\\u019F\\uA74A\\uA74C]","OI":"[\\u01A2]","OO":"[\\uA74E]","OU":"[\\u0222]","P":"[\\u0050\\u24C5\\uFF30\\u1E54\\u1E56\\u01A4\\u2C63\\uA750\\uA752\\uA754]","Q":"[\\u0051\\u24C6\\uFF31\\uA756\\uA758\\u024A]","R":"[\\u0052\\u24C7\\uFF32\\u0154\\u1E58\\u0158\\u0210\\u0212\\u1E5A\\u1E5C\\u0156\\u1E5E\\u024C\\u2C64\\uA75A\\uA7A6\\uA782]","S":"[\\u0053\\u24C8\\uFF33\\u1E9E\\u015A\\u1E64\\u015C\\u1E60\\u0160\\u1E66\\u1E62\\u1E68\\u0218\\u015E\\u2C7E\\uA7A8\\uA784]","T":"[\\u0054\\u24C9\\uFF34\\u1E6A\\u0164\\u1E6C\\u021A\\u0162\\u1E70\\u1E6E\\u0166\\u01AC\\u01AE\\u023E\\uA786]","TZ":"[\\uA728]","U":"[\\u0055\\u24CA\\uFF35\\u00D9\\u00DA\\u00DB\\u0168\\u1E78\\u016A\\u1E7A\\u016C\\u00DC\\u01DB\\u01D7\\u01D5\\u01D9\\u1EE6\\u016E\\u0170\\u01D3\\u0214\\u0216\\u01AF\\u1EEA\\u1EE8\\u1EEE\\u1EEC\\u1EF0\\u1EE4\\u1E72\\u0172\\u1E76\\u1E74\\u0244]","V":"[\\u0056\\u24CB\\uFF36\\u1E7C\\u1E7E\\u01B2\\uA75E\\u0245]","VY":"[\\uA760]","W":"[\\u0057\\u24CC\\uFF37\\u1E80\\u1E82\\u0174\\u1E86\\u1E84\\u1E88\\u2C72]","X":"[\\u0058\\u24CD\\uFF38\\u1E8A\\u1E8C]","Y":"[\\u0059\\u24CE\\uFF39\\u1EF2\\u00DD\\u0176\\u1EF8\\u0232\\u1E8E\\u0178\\u1EF6\\u1EF4\\u01B3\\u024E\\u1EFE]","Z":"[\\u005A\\u24CF\\uFF3A\\u0179\\u1E90\\u017B\\u017D\\u1E92\\u1E94\\u01B5\\u0224\\u2C7F\\u2C6B\\uA762]","a":"[\\u0061\\u24D0\\uFF41\\u1E9A\\u00E0\\u00E1\\u00E2\\u1EA7\\u1EA5\\u1EAB\\u1EA9\\u00E3\\u0101\\u0103\\u1EB1\\u1EAF\\u1EB5\\u1EB3\\u0227\\u01E1\\u00E4\\u01DF\\u1EA3\\u00E5\\u01FB\\u01CE\\u0201\\u0203\\u1EA1\\u1EAD\\u1EB7\\u1E01\\u0105\\u2C65\\u0250]","aa":"[\\uA733]","ae":"[\\u00E6\\u01FD\\u01E3]","ao":"[\\uA735]","au":"[\\uA737]","av":"[\\uA739\\uA73B]","ay":"[\\uA73D]","b":"[\\u0062\\u24D1\\uFF42\\u1E03\\u1E05\\u1E07\\u0180\\u0183\\u0253]","c":"[\\u0063\\u24D2\\uFF43\\u0107\\u0109\\u010B\\u010D\\u00E7\\u1E09\\u0188\\u023C\\uA73F\\u2184]","d":"[\\u0064\\u24D3\\uFF44\\u1E0B\\u010F\\u1E0D\\u1E11\\u1E13\\u1E0F\\u0111\\u018C\\u0256\\u0257\\uA77A]","dz":"[\\u01F3\\u01C6]","e":"[\\u0065\\u24D4\\uFF45\\u00E8\\u00E9\\u00EA\\u1EC1\\u1EBF\\u1EC5\\u1EC3\\u1EBD\\u0113\\u1E15\\u1E17\\u0115\\u0117\\u00EB\\u1EBB\\u011B\\u0205\\u0207\\u1EB9\\u1EC7\\u0229\\u1E1D\\u0119\\u1E19\\u1E1B\\u0247\\u025B\\u01DD]","f":"[\\u0066\\u24D5\\uFF46\\u1E1F\\u0192\\uA77C]","g":"[\\u0067\\u24D6\\uFF47\\u01F5\\u011D\\u1E21\\u011F\\u0121\\u01E7\\u0123\\u01E5\\u0260\\uA7A1\\u1D79\\uA77F]","h":"[\\u0068\\u24D7\\uFF48\\u0125\\u1E23\\u1E27\\u021F\\u1E25\\u1E29\\u1E2B\\u1E96\\u0127\\u2C68\\u2C76\\u0265]","hv":"[\\u0195]","i":"[\\u0069\\u24D8\\uFF49\\u00EC\\u00ED\\u00EE\\u0129\\u012B\\u012D\\u00EF\\u1E2F\\u1EC9\\u01D0\\u0209\\u020B\\u1ECB\\u012F\\u1E2D\\u0268\\u0131]","j":"[\\u006A\\u24D9\\uFF4A\\u0135\\u01F0\\u0249]","k":"[\\u006B\\u24DA\\uFF4B\\u1E31\\u01E9\\u1E33\\u0137\\u1E35\\u0199\\u2C6A\\uA741\\uA743\\uA745\\uA7A3]","l":"[\\u006C\\u24DB\\uFF4C\\u0140\\u013A\\u013E\\u1E37\\u1E39\\u013C\\u1E3D\\u1E3B\\u017F\\u0142\\u019A\\u026B\\u2C61\\uA749\\uA781\\uA747]","lj":"[\\u01C9]","m":"[\\u006D\\u24DC\\uFF4D\\u1E3F\\u1E41\\u1E43\\u0271\\u026F]","n":"[\\u006E\\u24DD\\uFF4E\\u01F9\\u0144\\u00F1\\u1E45\\u0148\\u1E47\\u0146\\u1E4B\\u1E49\\u019E\\u0272\\u0149\\uA791\\uA7A5]","nj":"[\\u01CC]","o":"[\\u006F\\u24DE\\uFF4F\\u00F2\\u00F3\\u00F4\\u1ED3\\u1ED1\\u1ED7\\u1ED5\\u00F5\\u1E4D\\u022D\\u1E4F\\u014D\\u1E51\\u1E53\\u014F\\u022F\\u0231\\u00F6\\u022B\\u1ECF\\u0151\\u01D2\\u020D\\u020F\\u01A1\\u1EDD\\u1EDB\\u1EE1\\u1EDF\\u1EE3\\u1ECD\\u1ED9\\u01EB\\u01ED\\u00F8\\u01FF\\u0254\\uA74B\\uA74D\\u0275]","oi":"[\\u01A3]","ou":"[\\u0223]","oo":"[\\uA74F]","p":"[\\u0070\\u24DF\\uFF50\\u1E55\\u1E57\\u01A5\\u1D7D\\uA751\\uA753\\uA755]","q":"[\\u0071\\u24E0\\uFF51\\u024B\\uA757\\uA759]","r":"[\\u0072\\u24E1\\uFF52\\u0155\\u1E59\\u0159\\u0211\\u0213\\u1E5B\\u1E5D\\u0157\\u1E5F\\u024D\\u027D\\uA75B\\uA7A7\\uA783]","s":"[\\u0073\\u24E2\\uFF53\\u015B\\u1E65\\u015D\\u1E61\\u0161\\u1E67\\u1E63\\u1E69\\u0219\\u015F\\u023F\\uA7A9\\uA785\\u1E9B]","ss":"[\\u00DF]","t":"[\\u0074\\u24E3\\uFF54\\u1E6B\\u1E97\\u0165\\u1E6D\\u021B\\u0163\\u1E71\\u1E6F\\u0167\\u01AD\\u0288\\u2C66\\uA787]","tz":"[\\uA729]","u":"[\\u0075\\u24E4\\uFF55\\u00F9\\u00FA\\u00FB\\u0169\\u1E79\\u016B\\u1E7B\\u016D\\u00FC\\u01DC\\u01D8\\u01D6\\u01DA\\u1EE7\\u016F\\u0171\\u01D4\\u0215\\u0217\\u01B0\\u1EEB\\u1EE9\\u1EEF\\u1EED\\u1EF1\\u1EE5\\u1E73\\u0173\\u1E77\\u1E75\\u0289]","v":"[\\u0076\\u24E5\\uFF56\\u1E7D\\u1E7F\\u028B\\uA75F\\u028C]","vy":"[\\uA761]","w":"[\\u0077\\u24E6\\uFF57\\u1E81\\u1E83\\u0175\\u1E87\\u1E85\\u1E98\\u1E89\\u2C73]","x":"[\\u0078\\u24E7\\uFF58\\u1E8B\\u1E8D]","y":"[\\u0079\\u24E8\\uFF59\\u1EF3\\u00FD\\u0177\\u1EF9\\u0233\\u1E8F\\u00FF\\u1EF7\\u1E99\\u1EF5\\u01B4\\u024F\\u1EFF]","z":"[\\u007A\\u24E9\\uFF5A\\u017A\\u1E91\\u017C\\u017E\\u1E93\\u1E95\\u01B6\\u0225\\u0240\\u2C6C\\uA763]"},"researchesTests":["contentHasTOC","contentHasShortParagraphs","contentHasAssets","keywordInTitle","keywordInMetaDescription","keywordInPermalink","keywordIn10Percent","keywordInContent","keywordInSubheadings","keywordInImageAlt","keywordDensity","keywordNotUsed","lengthContent","lengthPermalink","linksHasInternal","linksHasExternals","linksNotAllExternals","titleStartWithKeyword","titleSentiment","titleHasPowerWords","titleHasNumber","hasContentAI"],"hasRedirection":true,"hasBreadcrumb":true},"homeUrl":"https:\/\/knobgear.com\/cs","objectID":80,"objectType":"post","locale":"cs","localeFull":"cs_CZ","overlayImages":{"play":{"name":"Ikona p\u0159ehr\u00e1v\u00e1n\u00ed","url":"https:\/\/knobgear.com\/wp-content\/plugins\/seo-by-rank-math\/assets\/admin\/img\/icon-play.png","path":"\/srv\/htdocs\/wp-content\/plugins\/seo-by-rank-math\/assets\/admin\/img\/icon-play.png","position":"middle_center"},"gif":{"name":"GIF ikona","url":"https:\/\/knobgear.com\/wp-content\/plugins\/seo-by-rank-math\/assets\/admin\/img\/icon-gif.png","path":"\/srv\/htdocs\/wp-content\/plugins\/seo-by-rank-math\/assets\/admin\/img\/icon-gif.png","position":"middle_center"}},"defautOgImage":"https:\/\/knobgear.com\/wp-content\/plugins\/seo-by-rank-math\/assets\/admin\/img\/social-placeholder.jpg","customPermalinks":true,"isUserRegistered":true,"autoSuggestKeywords":true,"connectSiteUrl":"https:\/\/rankmath.com\/auth?site=https%3A%2F%2Fknobgear.com%2Fcs&r=https%3A%2F%2Fknobgear.com%2Fcs%2Fwp-json%2Fwp%2Fv2%2Fpages%2F80%3Fnonce%3De1d792b906&pro=1","maxTags":100,"trendsIcon":"<svg viewBox=\"0 0 610 610\"><path d=\"M18.85,446,174.32,290.48l58.08,58.08L76.93,504a14.54,14.54,0,0,1-20.55,0L18.83,466.48a14.54,14.54,0,0,1,0-20.55Z\" style=\"fill:#4285f4\"\/><path d=\"M242.65,242.66,377.59,377.6l-47.75,47.75a14.54,14.54,0,0,1-20.55,0L174.37,290.43l47.75-47.75A14.52,14.52,0,0,1,242.65,242.66Z\" style=\"fill:#ea4335\"\/><polygon points=\"319.53 319.53 479.26 159.8 537.34 217.88 377.61 377.62 319.53 319.53\" style=\"fill:#fabb05\"\/><path d=\"M594.26,262.73V118.61h0a16.94,16.94,0,0,0-16.94-16.94H433.2a16.94,16.94,0,0,0-12,28.92L565.34,274.71h0a16.94,16.94,0,0,0,28.92-12Z\" style=\"fill:#34a853\"\/><rect width=\"610\" height=\"610\" style=\"fill:none\"\/><\/svg>","showScore":true,"siteFavIcon":"https:\/\/knobgear.com\/wp-content\/uploads\/2024\/03\/cropped-customcolor_icon_transparent_background-512x512-1-32x32.png","canUser":{"general":false,"advanced":false,"snippet":false,"social":false,"analysis":false,"analytics":false,"content_ai":false},"showKeywordIntent":true,"isPro":true,"is_front_page":false,"trendsUpgradeLink":"https:\/\/rankmath.com\/pricing\/?utm_source=Plugin&utm_medium=CE%20General%20Tab%20Trends&utm_campaign=WP","trendsUpgradeLabel":"Upgradovat","trendsPreviewImage":"https:\/\/knobgear.com\/wp-content\/plugins\/seo-by-rank-math\/assets\/admin\/img\/trends-preview.jpg","currentEditor":false,"homepageData":{"assessor":{"powerWords":[],"diacritics":true,"researchesTests":["contentHasTOC","contentHasShortParagraphs","contentHasAssets","keywordInTitle","keywordInMetaDescription","keywordInPermalink","keywordIn10Percent","keywordInContent","keywordInSubheadings","keywordInImageAlt","keywordDensity","keywordNotUsed","lengthContent","lengthPermalink","linksHasInternal","linksHasExternals","linksNotAllExternals","titleStartWithKeyword","titleSentiment","titleHasPowerWords","titleHasNumber","hasContentAI"],"hasBreadcrumb":true,"serpData":{"title":"%sitename% %page% %sep% %sitedesc%","description":"","titleTemplate":"%sitename% %page% %sep% %sitedesc%","descriptionTemplate":"","focusKeywords":"","breadcrumbTitle":"Home","robots":{"index":true},"advancedRobots":{"max-snippet":"-1","max-video-preview":"-1","max-image-preview":"large"},"facebookTitle":"","facebookDescription":"","facebookImage":"","facebookImageID":""}}},"searchIntents":[],"isAnalyticsConnected":true,"tocTitle":"Table of Contents","tocExcludeHeadings":[],"listStyle":"ul"},"_links":{"self":[{"href":"https:\/\/knobgear.com\/cs\/wp-json\/wp\/v2\/pages\/80","targetHints":{"allow":["GET"]}}],"collection":[{"href":"https:\/\/knobgear.com\/cs\/wp-json\/wp\/v2\/pages"}],"about":[{"href":"https:\/\/knobgear.com\/cs\/wp-json\/wp\/v2\/types\/page"}],"author":[{"embeddable":true,"href":"https:\/\/knobgear.com\/cs\/wp-json\/wp\/v2\/users\/2"}],"replies":[{"embeddable":true,"href":"https:\/\/knobgear.com\/cs\/wp-json\/wp\/v2\/comments?post=80"}],"version-history":[{"count":0,"href":"https:\/\/knobgear.com\/cs\/wp-json\/wp\/v2\/pages\/80\/revisions"}],"up":[{"embeddable":true,"href":"https:\/\/knobgear.com\/cs\/wp-json\/wp\/v2\/pages\/1535"}],"wp:featuredmedia":[{"embeddable":true,"href":"https:\/\/knobgear.com\/cs\/wp-json\/wp\/v2\/media\/1950"}],"wp:attachment":[{"href":"https:\/\/knobgear.com\/cs\/wp-json\/wp\/v2\/media?parent=80"}],"curies":[{"name":"wp","href":"https:\/\/api.w.org\/{rel}","templated":true}]}}